{"id":543163,"date":"2024-11-10T19:17:26","date_gmt":"2024-11-10T18:17:26","guid":{"rendered":"https:\/\/tilefly.com\/producto\/hexa-manacor-green-139x16\/"},"modified":"2025-10-29T09:26:14","modified_gmt":"2025-10-29T08:26:14","slug":"hexa-manacor-green-139x16","status":"publish","type":"product","link":"https:\/\/tilefly.com\/es\/producto\/hexa-manacor-green-139x16\/","title":{"rendered":"HEXA MANACOR GREEN 13,9X16"},"content":{"rendered":"<h2><strong>HEXA MANACOR GREEN 13,9X16<\/strong><\/h2><p>Hexa Manacor Green en tono verde ofrece una est\u00e9tica fresca y natural. Su formato hexagonal de 13,9&#215;16 cm y acabado mate lo convierten en una opci\u00f3n perfecta para pavimentos que buscan un estilo moderno y distintivo. Este revestimiento a\u00f1ade un toque natural a cualquier espacio, permitiendo combinaciones \u00fanicas que aportan personalidad y elegancia, ideal para ambientes contempor\u00e1neos.<\/p>","protected":false},"excerpt":{"rendered":"<p>HEXA MANACOR GREEN 13,9X16Hexa Manacor Green en tono verde ofrece una est\u00e9tica fresca y natural. Su formato hexagonal de 13,9&#215;16 cm y acabado mate lo convierten en una opci\u00f3n perfecta para pavimentos que buscan un estilo moderno y distintivo. Este revestimiento a\u00f1ade un toque natural a cualquier espacio, permitiendo combinaciones \u00fanicas que aportan personalidad y [&hellip;]<\/p>\n","protected":false},"featured_media":543151,"comment_status":"open","ping_status":"closed","template":"","meta":[],"product_brand":[],"product_cat":[303,305,306,304],"product_tag":[],"class_list":{"0":"post-543163","1":"product","2":"type-product","3":"status-publish","4":"has-post-thumbnail","6":"product_cat-baldosas","7":"product_cat-banos","8":"product_cat-cocina","9":"product_cat-revestimiento","11":"first","12":"instock","13":"shipping-taxable","14":"purchasable","15":"product-type-simple"},"_links":{"self":[{"href":"https:\/\/tilefly.com\/es\/wp-json\/wp\/v2\/product\/543163","targetHints":{"allow":["GET"]}}],"collection":[{"href":"https:\/\/tilefly.com\/es\/wp-json\/wp\/v2\/product"}],"about":[{"href":"https:\/\/tilefly.com\/es\/wp-json\/wp\/v2\/types\/product"}],"replies":[{"embeddable":true,"href":"https:\/\/tilefly.com\/es\/wp-json\/wp\/v2\/comments?post=543163"}],"wp:featuredmedia":[{"embeddable":true,"href":"https:\/\/tilefly.com\/es\/wp-json\/wp\/v2\/media\/543151"}],"wp:attachment":[{"href":"https:\/\/tilefly.com\/es\/wp-json\/wp\/v2\/media?parent=543163"}],"wp:term":[{"taxonomy":"product_brand","embeddable":true,"href":"https:\/\/tilefly.com\/es\/wp-json\/wp\/v2\/product_brand?post=543163"},{"taxonomy":"product_cat","embeddable":true,"href":"https:\/\/tilefly.com\/es\/wp-json\/wp\/v2\/product_cat?post=543163"},{"taxonomy":"product_tag","embeddable":true,"href":"https:\/\/tilefly.com\/es\/wp-json\/wp\/v2\/product_tag?post=543163"}],"curies":[{"name":"wp","href":"https:\/\/api.w.org\/{rel}","templated":true}]}}