{"id":543072,"date":"2024-11-10T19:16:53","date_gmt":"2024-11-10T18:16:53","guid":{"rendered":"https:\/\/tilefly.com\/producto\/petra-blue-118x118\/"},"modified":"2025-10-29T09:24:33","modified_gmt":"2025-10-29T08:24:33","slug":"petra-blue-118x118","status":"publish","type":"product","link":"https:\/\/tilefly.com\/es\/producto\/petra-blue-118x118\/","title":{"rendered":"PETRA BLUE 11,8X11,8"},"content":{"rendered":"<h2><strong>PETRA BLUE 11,8X11,8<\/strong><\/h2><p>La baldosa Petra Blue en un vibrante tono azul es ideal para a\u00f1adir un toque de color y personalidad a los espacios. Su acabado brillante y superficie decorada aportan una textura visual que se adapta perfectamente a estilos modernos y tradicionales. Con su tama\u00f1o compacto de 11,8&#215;11,8 cm, es ideal para ba\u00f1os y cocinas que buscan una decoraci\u00f3n con un toque de vitalidad y frescura, permitiendo combinaciones interesantes con otras tonalidades de la serie Petra.<\/p>","protected":false},"excerpt":{"rendered":"<p>PETRA BLUE 11,8X11,8La baldosa Petra Blue en un vibrante tono azul es ideal para a\u00f1adir un toque de color y personalidad a los espacios. Su acabado brillante y superficie decorada aportan una textura visual que se adapta perfectamente a estilos modernos y tradicionales. Con su tama\u00f1o compacto de 11,8&#215;11,8 cm, es ideal para ba\u00f1os y [&hellip;]<\/p>\n","protected":false},"featured_media":543060,"comment_status":"open","ping_status":"closed","template":"","meta":[],"product_brand":[],"product_cat":[305,306,304],"product_tag":[],"class_list":{"0":"post-543072","1":"product","2":"type-product","3":"status-publish","4":"has-post-thumbnail","6":"product_cat-banos","7":"product_cat-cocina","8":"product_cat-revestimiento","10":"first","11":"instock","12":"shipping-taxable","13":"purchasable","14":"product-type-simple"},"_links":{"self":[{"href":"https:\/\/tilefly.com\/es\/wp-json\/wp\/v2\/product\/543072","targetHints":{"allow":["GET"]}}],"collection":[{"href":"https:\/\/tilefly.com\/es\/wp-json\/wp\/v2\/product"}],"about":[{"href":"https:\/\/tilefly.com\/es\/wp-json\/wp\/v2\/types\/product"}],"replies":[{"embeddable":true,"href":"https:\/\/tilefly.com\/es\/wp-json\/wp\/v2\/comments?post=543072"}],"wp:featuredmedia":[{"embeddable":true,"href":"https:\/\/tilefly.com\/es\/wp-json\/wp\/v2\/media\/543060"}],"wp:attachment":[{"href":"https:\/\/tilefly.com\/es\/wp-json\/wp\/v2\/media?parent=543072"}],"wp:term":[{"taxonomy":"product_brand","embeddable":true,"href":"https:\/\/tilefly.com\/es\/wp-json\/wp\/v2\/product_brand?post=543072"},{"taxonomy":"product_cat","embeddable":true,"href":"https:\/\/tilefly.com\/es\/wp-json\/wp\/v2\/product_cat?post=543072"},{"taxonomy":"product_tag","embeddable":true,"href":"https:\/\/tilefly.com\/es\/wp-json\/wp\/v2\/product_tag?post=543072"}],"curies":[{"name":"wp","href":"https:\/\/api.w.org\/{rel}","templated":true}]}}