{"id":543033,"date":"2024-11-10T19:16:42","date_gmt":"2024-11-10T18:16:42","guid":{"rendered":"https:\/\/tilefly.com\/producto\/drach-green-118x118\/"},"modified":"2025-12-16T13:07:10","modified_gmt":"2025-12-16T12:07:10","slug":"drach-green-118x118","status":"publish","type":"product","link":"https:\/\/tilefly.com\/es\/producto\/drach-green-118x118\/","title":{"rendered":"DRACH GREEN 11,8X11,8"},"content":{"rendered":"<h2><strong>DRACH GREEN 11,8X11,8<\/strong><\/h2><p>La baldosa Drach Green presenta un tono verde vibrante con un dise\u00f1o en relieve circular que a\u00f1ade textura y profundidad. Su acabado brillante realza el color y la forma, creando un efecto visual \u00fanico. Ideal para ba\u00f1os, cocinas y otros espacios que buscan un toque de naturaleza, su tama\u00f1o de 11,8&#215;11,8 cm permite patrones din\u00e1micos y sofisticados, aportando frescura y estilo.<\/p>","protected":false},"excerpt":{"rendered":"<p>DRACH GREEN 11,8X11,8La baldosa Drach Green presenta un tono verde vibrante con un dise\u00f1o en relieve circular que a\u00f1ade textura y profundidad. Su acabado brillante realza el color y la forma, creando un efecto visual \u00fanico. Ideal para ba\u00f1os, cocinas y otros espacios que buscan un toque de naturaleza, su tama\u00f1o de 11,8&#215;11,8 cm permite [&hellip;]<\/p>\n","protected":false},"featured_media":543021,"comment_status":"open","ping_status":"closed","template":"","meta":[],"product_brand":[],"product_cat":[305,306,304],"product_tag":[],"class_list":{"0":"post-543033","1":"product","2":"type-product","3":"status-publish","4":"has-post-thumbnail","6":"product_cat-banos","7":"product_cat-cocina","8":"product_cat-revestimiento","10":"first","11":"outofstock","12":"shipping-taxable","13":"purchasable","14":"product-type-simple"},"_links":{"self":[{"href":"https:\/\/tilefly.com\/es\/wp-json\/wp\/v2\/product\/543033","targetHints":{"allow":["GET"]}}],"collection":[{"href":"https:\/\/tilefly.com\/es\/wp-json\/wp\/v2\/product"}],"about":[{"href":"https:\/\/tilefly.com\/es\/wp-json\/wp\/v2\/types\/product"}],"replies":[{"embeddable":true,"href":"https:\/\/tilefly.com\/es\/wp-json\/wp\/v2\/comments?post=543033"}],"wp:featuredmedia":[{"embeddable":true,"href":"https:\/\/tilefly.com\/es\/wp-json\/wp\/v2\/media\/543021"}],"wp:attachment":[{"href":"https:\/\/tilefly.com\/es\/wp-json\/wp\/v2\/media?parent=543033"}],"wp:term":[{"taxonomy":"product_brand","embeddable":true,"href":"https:\/\/tilefly.com\/es\/wp-json\/wp\/v2\/product_brand?post=543033"},{"taxonomy":"product_cat","embeddable":true,"href":"https:\/\/tilefly.com\/es\/wp-json\/wp\/v2\/product_cat?post=543033"},{"taxonomy":"product_tag","embeddable":true,"href":"https:\/\/tilefly.com\/es\/wp-json\/wp\/v2\/product_tag?post=543033"}],"curies":[{"name":"wp","href":"https:\/\/api.w.org\/{rel}","templated":true}]}}