{"id":543020,"date":"2024-11-10T19:16:39","date_gmt":"2024-11-10T18:16:39","guid":{"rendered":"https:\/\/tilefly.com\/producto\/drach-acqua-118x118\/"},"modified":"2025-10-29T09:24:24","modified_gmt":"2025-10-29T08:24:24","slug":"drach-acqua-118x118","status":"publish","type":"product","link":"https:\/\/tilefly.com\/es\/producto\/drach-acqua-118x118\/","title":{"rendered":"DRACH ACQUA 11,8X11,8"},"content":{"rendered":"<h2><strong>DRACH ACQUA 11,8X11,8<\/strong><\/h2><p>Drach Acqua en tono agua es una baldosa con relieve circular que aporta frescura y originalidad. Su acabado brillante y textura en relieve hacen de esta pieza una opci\u00f3n interesante para espacios modernos que desean un toque de color. Ideal para ba\u00f1os y cocinas, esta baldosa de 11,8&#215;11,8 cm es una elecci\u00f3n sofisticada y llena de vida.<\/p>","protected":false},"excerpt":{"rendered":"<p>DRACH ACQUA 11,8X11,8Drach Acqua en tono agua es una baldosa con relieve circular que aporta frescura y originalidad. Su acabado brillante y textura en relieve hacen de esta pieza una opci\u00f3n interesante para espacios modernos que desean un toque de color. Ideal para ba\u00f1os y cocinas, esta baldosa de 11,8&#215;11,8 cm es una elecci\u00f3n sofisticada [&hellip;]<\/p>\n","protected":false},"featured_media":543008,"comment_status":"open","ping_status":"closed","template":"","meta":[],"product_brand":[],"product_cat":[305,306,304],"product_tag":[],"class_list":{"0":"post-543020","1":"product","2":"type-product","3":"status-publish","4":"has-post-thumbnail","6":"product_cat-banos","7":"product_cat-cocina","8":"product_cat-revestimiento","10":"first","11":"instock","12":"shipping-taxable","13":"purchasable","14":"product-type-simple"},"_links":{"self":[{"href":"https:\/\/tilefly.com\/es\/wp-json\/wp\/v2\/product\/543020","targetHints":{"allow":["GET"]}}],"collection":[{"href":"https:\/\/tilefly.com\/es\/wp-json\/wp\/v2\/product"}],"about":[{"href":"https:\/\/tilefly.com\/es\/wp-json\/wp\/v2\/types\/product"}],"replies":[{"embeddable":true,"href":"https:\/\/tilefly.com\/es\/wp-json\/wp\/v2\/comments?post=543020"}],"wp:featuredmedia":[{"embeddable":true,"href":"https:\/\/tilefly.com\/es\/wp-json\/wp\/v2\/media\/543008"}],"wp:attachment":[{"href":"https:\/\/tilefly.com\/es\/wp-json\/wp\/v2\/media?parent=543020"}],"wp:term":[{"taxonomy":"product_brand","embeddable":true,"href":"https:\/\/tilefly.com\/es\/wp-json\/wp\/v2\/product_brand?post=543020"},{"taxonomy":"product_cat","embeddable":true,"href":"https:\/\/tilefly.com\/es\/wp-json\/wp\/v2\/product_cat?post=543020"},{"taxonomy":"product_tag","embeddable":true,"href":"https:\/\/tilefly.com\/es\/wp-json\/wp\/v2\/product_tag?post=543020"}],"curies":[{"name":"wp","href":"https:\/\/api.w.org\/{rel}","templated":true}]}}