{"id":542994,"date":"2024-11-10T19:16:32","date_gmt":"2024-11-10T18:16:32","guid":{"rendered":"https:\/\/tilefly.com\/producto\/drach-night-118x118\/"},"modified":"2025-12-16T13:07:21","modified_gmt":"2025-12-16T12:07:21","slug":"drach-night-118x118","status":"publish","type":"product","link":"https:\/\/tilefly.com\/es\/producto\/drach-night-118x118\/","title":{"rendered":"DRACH NIGHT 11,8X11,8"},"content":{"rendered":"<h2><strong>DRACH NIGHT 11,8X11,8<\/strong><\/h2><p>Drach Night en color negro ofrece un dise\u00f1o con relieve circular que destaca por su elegancia y profundidad. El acabado brillante de esta baldosa permite que el relieve capte la luz de forma sutil, a\u00f1adiendo sofisticaci\u00f3n. Ideal para espacios que buscan un estilo audaz y contempor\u00e1neo, esta pieza es perfecta para crear un ambiente elegante y lleno de car\u00e1cter.<\/p>","protected":false},"excerpt":{"rendered":"<p>DRACH NIGHT 11,8X11,8Drach Night en color negro ofrece un dise\u00f1o con relieve circular que destaca por su elegancia y profundidad. El acabado brillante de esta baldosa permite que el relieve capte la luz de forma sutil, a\u00f1adiendo sofisticaci\u00f3n. Ideal para espacios que buscan un estilo audaz y contempor\u00e1neo, esta pieza es perfecta para crear un [&hellip;]<\/p>\n","protected":false},"featured_media":542982,"comment_status":"open","ping_status":"closed","template":"","meta":[],"product_brand":[],"product_cat":[305,306,304],"product_tag":[],"class_list":{"0":"post-542994","1":"product","2":"type-product","3":"status-publish","4":"has-post-thumbnail","6":"product_cat-banos","7":"product_cat-cocina","8":"product_cat-revestimiento","10":"first","11":"outofstock","12":"shipping-taxable","13":"purchasable","14":"product-type-simple"},"_links":{"self":[{"href":"https:\/\/tilefly.com\/es\/wp-json\/wp\/v2\/product\/542994","targetHints":{"allow":["GET"]}}],"collection":[{"href":"https:\/\/tilefly.com\/es\/wp-json\/wp\/v2\/product"}],"about":[{"href":"https:\/\/tilefly.com\/es\/wp-json\/wp\/v2\/types\/product"}],"replies":[{"embeddable":true,"href":"https:\/\/tilefly.com\/es\/wp-json\/wp\/v2\/comments?post=542994"}],"wp:featuredmedia":[{"embeddable":true,"href":"https:\/\/tilefly.com\/es\/wp-json\/wp\/v2\/media\/542982"}],"wp:attachment":[{"href":"https:\/\/tilefly.com\/es\/wp-json\/wp\/v2\/media?parent=542994"}],"wp:term":[{"taxonomy":"product_brand","embeddable":true,"href":"https:\/\/tilefly.com\/es\/wp-json\/wp\/v2\/product_brand?post=542994"},{"taxonomy":"product_cat","embeddable":true,"href":"https:\/\/tilefly.com\/es\/wp-json\/wp\/v2\/product_cat?post=542994"},{"taxonomy":"product_tag","embeddable":true,"href":"https:\/\/tilefly.com\/es\/wp-json\/wp\/v2\/product_tag?post=542994"}],"curies":[{"name":"wp","href":"https:\/\/api.w.org\/{rel}","templated":true}]}}