{"id":542838,"date":"2024-11-10T19:15:46","date_gmt":"2024-11-10T18:15:46","guid":{"rendered":"https:\/\/tilefly.com\/producto\/manacor-navy-118x118\/"},"modified":"2025-10-29T09:23:56","modified_gmt":"2025-10-29T08:23:56","slug":"manacor-navy-118x118","status":"publish","type":"product","link":"https:\/\/tilefly.com\/es\/producto\/manacor-navy-118x118\/","title":{"rendered":"MANACOR NAVY 11,8X11,8"},"content":{"rendered":"<h2><strong>MANACOR NAVY 11,8X11,8<\/strong><\/h2><p>Manacor Navy es una baldosa de color azul marino con acabado brillante, que captura la elegancia y profundidad de los tonos oscuros. Este revestimiento, de 11,8&#215;11,8 cm, a\u00f1ade un toque de sofisticaci\u00f3n a cualquier ambiente, con una superficie lisa que recuerda a la cer\u00e1mica tradicional. Su color intenso es ideal para crear contrastes en espacios neutros o para aportar una sensaci\u00f3n de serenidad y estilo en ba\u00f1os y cocinas. Perfecta para combinar con otras tonalidades de la serie Manacor, su acabado brillante y su versatilidad en patrones permiten dise\u00f1ar espacios \u00fanicos, llenos de personalidad y car\u00e1cter.<\/p>","protected":false},"excerpt":{"rendered":"<p>MANACOR NAVY 11,8X11,8Manacor Navy es una baldosa de color azul marino con acabado brillante, que captura la elegancia y profundidad de los tonos oscuros. Este revestimiento, de 11,8&#215;11,8 cm, a\u00f1ade un toque de sofisticaci\u00f3n a cualquier ambiente, con una superficie lisa que recuerda a la cer\u00e1mica tradicional. Su color intenso es ideal para crear contrastes [&hellip;]<\/p>\n","protected":false},"featured_media":542826,"comment_status":"open","ping_status":"closed","template":"","meta":[],"product_brand":[],"product_cat":[305,306,304],"product_tag":[],"class_list":{"0":"post-542838","1":"product","2":"type-product","3":"status-publish","4":"has-post-thumbnail","6":"product_cat-banos","7":"product_cat-cocina","8":"product_cat-revestimiento","10":"first","11":"instock","12":"shipping-taxable","13":"purchasable","14":"product-type-simple"},"_links":{"self":[{"href":"https:\/\/tilefly.com\/es\/wp-json\/wp\/v2\/product\/542838","targetHints":{"allow":["GET"]}}],"collection":[{"href":"https:\/\/tilefly.com\/es\/wp-json\/wp\/v2\/product"}],"about":[{"href":"https:\/\/tilefly.com\/es\/wp-json\/wp\/v2\/types\/product"}],"replies":[{"embeddable":true,"href":"https:\/\/tilefly.com\/es\/wp-json\/wp\/v2\/comments?post=542838"}],"wp:featuredmedia":[{"embeddable":true,"href":"https:\/\/tilefly.com\/es\/wp-json\/wp\/v2\/media\/542826"}],"wp:attachment":[{"href":"https:\/\/tilefly.com\/es\/wp-json\/wp\/v2\/media?parent=542838"}],"wp:term":[{"taxonomy":"product_brand","embeddable":true,"href":"https:\/\/tilefly.com\/es\/wp-json\/wp\/v2\/product_brand?post=542838"},{"taxonomy":"product_cat","embeddable":true,"href":"https:\/\/tilefly.com\/es\/wp-json\/wp\/v2\/product_cat?post=542838"},{"taxonomy":"product_tag","embeddable":true,"href":"https:\/\/tilefly.com\/es\/wp-json\/wp\/v2\/product_tag?post=542838"}],"curies":[{"name":"wp","href":"https:\/\/api.w.org\/{rel}","templated":true}]}}