{"id":542812,"date":"2024-11-10T19:15:40","date_gmt":"2024-11-10T18:15:40","guid":{"rendered":"https:\/\/tilefly.com\/producto\/hexa-magnetism-blue-139x16\/"},"modified":"2025-10-29T09:23:52","modified_gmt":"2025-10-29T08:23:52","slug":"hexa-magnetism-blue-139x16","status":"publish","type":"product","link":"https:\/\/tilefly.com\/es\/producto\/hexa-magnetism-blue-139x16\/","title":{"rendered":"HEXA MAGNETISM BLUE 13,9X16"},"content":{"rendered":"<h2><strong>HEXA MAGNETISM BLUE 13,9X16<\/strong><\/h2><p>Este pavimento en tono azul metalizado es una opci\u00f3n elegante y moderna. Su acabado mate y superficie antideslizante ofrecen seguridad sin renunciar al estilo. Inspirado en el atractivo de los metales, su dise\u00f1o hexagonal permite crear patrones din\u00e1micos y llenos de personalidad, ideal para quienes desean un ambiente \u00fanico con un toque de color sofisticado.<\/p>","protected":false},"excerpt":{"rendered":"<p>HEXA MAGNETISM BLUE 13,9X16Este pavimento en tono azul metalizado es una opci\u00f3n elegante y moderna. Su acabado mate y superficie antideslizante ofrecen seguridad sin renunciar al estilo. Inspirado en el atractivo de los metales, su dise\u00f1o hexagonal permite crear patrones din\u00e1micos y llenos de personalidad, ideal para quienes desean un ambiente \u00fanico con un toque [&hellip;]<\/p>\n","protected":false},"featured_media":542800,"comment_status":"open","ping_status":"closed","template":"","meta":[],"product_brand":[],"product_cat":[303,305,306,304],"product_tag":[],"class_list":{"0":"post-542812","1":"product","2":"type-product","3":"status-publish","4":"has-post-thumbnail","6":"product_cat-baldosas","7":"product_cat-banos","8":"product_cat-cocina","9":"product_cat-revestimiento","11":"first","12":"instock","13":"shipping-taxable","14":"purchasable","15":"product-type-simple"},"_links":{"self":[{"href":"https:\/\/tilefly.com\/es\/wp-json\/wp\/v2\/product\/542812","targetHints":{"allow":["GET"]}}],"collection":[{"href":"https:\/\/tilefly.com\/es\/wp-json\/wp\/v2\/product"}],"about":[{"href":"https:\/\/tilefly.com\/es\/wp-json\/wp\/v2\/types\/product"}],"replies":[{"embeddable":true,"href":"https:\/\/tilefly.com\/es\/wp-json\/wp\/v2\/comments?post=542812"}],"wp:featuredmedia":[{"embeddable":true,"href":"https:\/\/tilefly.com\/es\/wp-json\/wp\/v2\/media\/542800"}],"wp:attachment":[{"href":"https:\/\/tilefly.com\/es\/wp-json\/wp\/v2\/media?parent=542812"}],"wp:term":[{"taxonomy":"product_brand","embeddable":true,"href":"https:\/\/tilefly.com\/es\/wp-json\/wp\/v2\/product_brand?post=542812"},{"taxonomy":"product_cat","embeddable":true,"href":"https:\/\/tilefly.com\/es\/wp-json\/wp\/v2\/product_cat?post=542812"},{"taxonomy":"product_tag","embeddable":true,"href":"https:\/\/tilefly.com\/es\/wp-json\/wp\/v2\/product_tag?post=542812"}],"curies":[{"name":"wp","href":"https:\/\/api.w.org\/{rel}","templated":true}]}}