{"id":542721,"date":"2024-11-10T19:15:10","date_gmt":"2024-11-10T18:15:10","guid":{"rendered":"https:\/\/tilefly.com\/producto\/magnetism-corten-63x25\/"},"modified":"2025-10-29T09:23:43","modified_gmt":"2025-10-29T08:23:43","slug":"magnetism-corten-63x25","status":"publish","type":"product","link":"https:\/\/tilefly.com\/es\/producto\/magnetism-corten-63x25\/","title":{"rendered":"MAGNETISM CORTEN 6,3X25"},"content":{"rendered":"<h2><strong>MAGNETISM CORTEN 6,3X25<\/strong><\/h2><p>Este revestimiento en marr\u00f3n corten evoca la est\u00e9tica del metal envejecido con una calidez \u00fanica. Su acabado mate y metalizado le dan un car\u00e1cter especial, perfecto para espacios que buscan un estilo industrial o r\u00fastico sofisticado. Su tama\u00f1o compacto permite crear patrones y contrastes interesantes, aportando un toque de naturalidad y sobriedad con una esencia atractiva y magn\u00e9tica.<\/p>","protected":false},"excerpt":{"rendered":"<p>MAGNETISM CORTEN 6,3X25Este revestimiento en marr\u00f3n corten evoca la est\u00e9tica del metal envejecido con una calidez \u00fanica. Su acabado mate y metalizado le dan un car\u00e1cter especial, perfecto para espacios que buscan un estilo industrial o r\u00fastico sofisticado. Su tama\u00f1o compacto permite crear patrones y contrastes interesantes, aportando un toque de naturalidad y sobriedad con [&hellip;]<\/p>\n","protected":false},"featured_media":542709,"comment_status":"open","ping_status":"closed","template":"","meta":[],"product_brand":[],"product_cat":[305,306,304],"product_tag":[],"class_list":{"0":"post-542721","1":"product","2":"type-product","3":"status-publish","4":"has-post-thumbnail","6":"product_cat-banos","7":"product_cat-cocina","8":"product_cat-revestimiento","10":"first","11":"instock","12":"shipping-taxable","13":"purchasable","14":"product-type-simple"},"_links":{"self":[{"href":"https:\/\/tilefly.com\/es\/wp-json\/wp\/v2\/product\/542721","targetHints":{"allow":["GET"]}}],"collection":[{"href":"https:\/\/tilefly.com\/es\/wp-json\/wp\/v2\/product"}],"about":[{"href":"https:\/\/tilefly.com\/es\/wp-json\/wp\/v2\/types\/product"}],"replies":[{"embeddable":true,"href":"https:\/\/tilefly.com\/es\/wp-json\/wp\/v2\/comments?post=542721"}],"wp:featuredmedia":[{"embeddable":true,"href":"https:\/\/tilefly.com\/es\/wp-json\/wp\/v2\/media\/542709"}],"wp:attachment":[{"href":"https:\/\/tilefly.com\/es\/wp-json\/wp\/v2\/media?parent=542721"}],"wp:term":[{"taxonomy":"product_brand","embeddable":true,"href":"https:\/\/tilefly.com\/es\/wp-json\/wp\/v2\/product_brand?post=542721"},{"taxonomy":"product_cat","embeddable":true,"href":"https:\/\/tilefly.com\/es\/wp-json\/wp\/v2\/product_cat?post=542721"},{"taxonomy":"product_tag","embeddable":true,"href":"https:\/\/tilefly.com\/es\/wp-json\/wp\/v2\/product_tag?post=542721"}],"curies":[{"name":"wp","href":"https:\/\/api.w.org\/{rel}","templated":true}]}}