{"id":542661,"date":"2024-11-08T18:04:33","date_gmt":"2024-11-08T17:04:33","guid":{"rendered":"https:\/\/tilefly.com\/producto\/bulge-grey-124x124\/"},"modified":"2025-10-28T13:08:38","modified_gmt":"2025-10-28T12:08:38","slug":"bulge-grey-124x124","status":"publish","type":"product","link":"https:\/\/tilefly.com\/es\/producto\/bulge-grey-124x124\/","title":{"rendered":"BULGE GREY 12,4X12,4"},"content":{"rendered":"<h2><strong>BULGE GREY 12,4X12,4<\/strong><\/h2><p>En un gris elegante, este revestimiento decorado de tama\u00f1o peque\u00f1o combina la sobriedad de los tonos neutros con la est\u00e9tica retro de los 60. Sus vol\u00famenes redondeados y textura decorativa a\u00f1aden movimiento y estilo, siendo ideal para quienes buscan un fondo neutral con un toque de nostalgia y personalidad en cualquier ambiente.<\/p>","protected":false},"excerpt":{"rendered":"<p>BULGE GREY 12,4X12,4En un gris elegante, este revestimiento decorado de tama\u00f1o peque\u00f1o combina la sobriedad de los tonos neutros con la est\u00e9tica retro de los 60. Sus vol\u00famenes redondeados y textura decorativa a\u00f1aden movimiento y estilo, siendo ideal para quienes buscan un fondo neutral con un toque de nostalgia y personalidad en cualquier ambiente.<\/p>\n","protected":false},"featured_media":542649,"comment_status":"open","ping_status":"closed","template":"","meta":[],"product_brand":[],"product_cat":[305,306,304],"product_tag":[],"class_list":{"0":"post-542661","1":"product","2":"type-product","3":"status-publish","4":"has-post-thumbnail","6":"product_cat-banos","7":"product_cat-cocina","8":"product_cat-revestimiento","10":"first","11":"outofstock","12":"shipping-taxable","13":"purchasable","14":"product-type-simple"},"_links":{"self":[{"href":"https:\/\/tilefly.com\/es\/wp-json\/wp\/v2\/product\/542661","targetHints":{"allow":["GET"]}}],"collection":[{"href":"https:\/\/tilefly.com\/es\/wp-json\/wp\/v2\/product"}],"about":[{"href":"https:\/\/tilefly.com\/es\/wp-json\/wp\/v2\/types\/product"}],"replies":[{"embeddable":true,"href":"https:\/\/tilefly.com\/es\/wp-json\/wp\/v2\/comments?post=542661"}],"wp:featuredmedia":[{"embeddable":true,"href":"https:\/\/tilefly.com\/es\/wp-json\/wp\/v2\/media\/542649"}],"wp:attachment":[{"href":"https:\/\/tilefly.com\/es\/wp-json\/wp\/v2\/media?parent=542661"}],"wp:term":[{"taxonomy":"product_brand","embeddable":true,"href":"https:\/\/tilefly.com\/es\/wp-json\/wp\/v2\/product_brand?post=542661"},{"taxonomy":"product_cat","embeddable":true,"href":"https:\/\/tilefly.com\/es\/wp-json\/wp\/v2\/product_cat?post=542661"},{"taxonomy":"product_tag","embeddable":true,"href":"https:\/\/tilefly.com\/es\/wp-json\/wp\/v2\/product_tag?post=542661"}],"curies":[{"name":"wp","href":"https:\/\/api.w.org\/{rel}","templated":true}]}}