{"id":542648,"date":"2024-11-08T18:04:30","date_gmt":"2024-11-08T17:04:30","guid":{"rendered":"https:\/\/tilefly.com\/producto\/bulge-ocean-124x124\/"},"modified":"2025-10-28T13:08:37","modified_gmt":"2025-10-28T12:08:37","slug":"bulge-ocean-124x124","status":"publish","type":"product","link":"https:\/\/tilefly.com\/es\/producto\/bulge-ocean-124x124\/","title":{"rendered":"BULGE OCEAN 12,4X12,4"},"content":{"rendered":"<h2><strong>BULGE OCEAN 12,4X12,4<\/strong><\/h2><p>Este revestimiento en tono azul profundo y formato compacto aporta una vibrante personalidad inspirada en la moda de los 60. Con su dise\u00f1o decorado de volumen redondeado, crea un efecto visual interesante y lleno de energ\u00eda. Perfecto para a\u00f1adir un toque de color y estilo retro, su tama\u00f1o permite patrones \u00fanicos que transforman cualquier espacio en un entorno de gran car\u00e1cter.<\/p>","protected":false},"excerpt":{"rendered":"<p>BULGE OCEAN 12,4X12,4Este revestimiento en tono azul profundo y formato compacto aporta una vibrante personalidad inspirada en la moda de los 60. Con su dise\u00f1o decorado de volumen redondeado, crea un efecto visual interesante y lleno de energ\u00eda. Perfecto para a\u00f1adir un toque de color y estilo retro, su tama\u00f1o permite patrones \u00fanicos que transforman [&hellip;]<\/p>\n","protected":false},"featured_media":542636,"comment_status":"open","ping_status":"closed","template":"","meta":[],"product_brand":[],"product_cat":[305,306,304],"product_tag":[],"class_list":{"0":"post-542648","1":"product","2":"type-product","3":"status-publish","4":"has-post-thumbnail","6":"product_cat-banos","7":"product_cat-cocina","8":"product_cat-revestimiento","10":"first","11":"outofstock","12":"shipping-taxable","13":"purchasable","14":"product-type-simple"},"_links":{"self":[{"href":"https:\/\/tilefly.com\/es\/wp-json\/wp\/v2\/product\/542648","targetHints":{"allow":["GET"]}}],"collection":[{"href":"https:\/\/tilefly.com\/es\/wp-json\/wp\/v2\/product"}],"about":[{"href":"https:\/\/tilefly.com\/es\/wp-json\/wp\/v2\/types\/product"}],"replies":[{"embeddable":true,"href":"https:\/\/tilefly.com\/es\/wp-json\/wp\/v2\/comments?post=542648"}],"wp:featuredmedia":[{"embeddable":true,"href":"https:\/\/tilefly.com\/es\/wp-json\/wp\/v2\/media\/542636"}],"wp:attachment":[{"href":"https:\/\/tilefly.com\/es\/wp-json\/wp\/v2\/media?parent=542648"}],"wp:term":[{"taxonomy":"product_brand","embeddable":true,"href":"https:\/\/tilefly.com\/es\/wp-json\/wp\/v2\/product_brand?post=542648"},{"taxonomy":"product_cat","embeddable":true,"href":"https:\/\/tilefly.com\/es\/wp-json\/wp\/v2\/product_cat?post=542648"},{"taxonomy":"product_tag","embeddable":true,"href":"https:\/\/tilefly.com\/es\/wp-json\/wp\/v2\/product_tag?post=542648"}],"curies":[{"name":"wp","href":"https:\/\/api.w.org\/{rel}","templated":true}]}}