{"id":542596,"date":"2024-11-08T18:04:01","date_gmt":"2024-11-08T17:04:01","guid":{"rendered":"https:\/\/tilefly.com\/producto\/bulge-grey-75x30\/"},"modified":"2025-12-19T14:09:09","modified_gmt":"2025-12-19T13:09:09","slug":"bulge-grey-75x30","status":"publish","type":"product","link":"https:\/\/tilefly.com\/es\/producto\/bulge-grey-75x30\/","title":{"rendered":"BULGE GREY 7,5X30"},"content":{"rendered":"<h2><strong>BULGE GREY 7,5X30<\/strong><\/h2><p>En un tono gris moderno, este revestimiento decorado combina la sobriedad contempor\u00e1nea con la est\u00e9tica de los a\u00f1os 60. Sus vol\u00famenes redondeados crean un efecto visual interesante, que a\u00f1ade movimiento y textura a cualquier espacio. Perfecto para quienes buscan una base neutral pero con car\u00e1cter, su dise\u00f1o es una fusi\u00f3n de estilo retro y elegancia moderna.<\/p>","protected":false},"excerpt":{"rendered":"<p>BULGE GREY 7,5X30En un tono gris moderno, este revestimiento decorado combina la sobriedad contempor\u00e1nea con la est\u00e9tica de los a\u00f1os 60. Sus vol\u00famenes redondeados crean un efecto visual interesante, que a\u00f1ade movimiento y textura a cualquier espacio. Perfecto para quienes buscan una base neutral pero con car\u00e1cter, su dise\u00f1o es una fusi\u00f3n de estilo retro [&hellip;]<\/p>\n","protected":false},"featured_media":542584,"comment_status":"open","ping_status":"closed","template":"","meta":[],"product_brand":[],"product_cat":[305,306,304],"product_tag":[],"class_list":{"0":"post-542596","1":"product","2":"type-product","3":"status-publish","4":"has-post-thumbnail","6":"product_cat-banos","7":"product_cat-cocina","8":"product_cat-revestimiento","10":"first","11":"instock","12":"shipping-taxable","13":"purchasable","14":"product-type-simple"},"_links":{"self":[{"href":"https:\/\/tilefly.com\/es\/wp-json\/wp\/v2\/product\/542596","targetHints":{"allow":["GET"]}}],"collection":[{"href":"https:\/\/tilefly.com\/es\/wp-json\/wp\/v2\/product"}],"about":[{"href":"https:\/\/tilefly.com\/es\/wp-json\/wp\/v2\/types\/product"}],"replies":[{"embeddable":true,"href":"https:\/\/tilefly.com\/es\/wp-json\/wp\/v2\/comments?post=542596"}],"wp:featuredmedia":[{"embeddable":true,"href":"https:\/\/tilefly.com\/es\/wp-json\/wp\/v2\/media\/542584"}],"wp:attachment":[{"href":"https:\/\/tilefly.com\/es\/wp-json\/wp\/v2\/media?parent=542596"}],"wp:term":[{"taxonomy":"product_brand","embeddable":true,"href":"https:\/\/tilefly.com\/es\/wp-json\/wp\/v2\/product_brand?post=542596"},{"taxonomy":"product_cat","embeddable":true,"href":"https:\/\/tilefly.com\/es\/wp-json\/wp\/v2\/product_cat?post=542596"},{"taxonomy":"product_tag","embeddable":true,"href":"https:\/\/tilefly.com\/es\/wp-json\/wp\/v2\/product_tag?post=542596"}],"curies":[{"name":"wp","href":"https:\/\/api.w.org\/{rel}","templated":true}]}}