{"id":542557,"date":"2024-11-08T18:03:49","date_gmt":"2024-11-08T17:03:49","guid":{"rendered":"https:\/\/tilefly.com\/producto\/bulge-white-75x30\/"},"modified":"2025-12-19T14:09:35","modified_gmt":"2025-12-19T13:09:35","slug":"bulge-white-75x30","status":"publish","type":"product","link":"https:\/\/tilefly.com\/es\/producto\/bulge-white-75x30\/","title":{"rendered":"BULGE WHITE 7,5X30"},"content":{"rendered":"<h2><strong>BULGE WHITE 7,5X30<\/strong><\/h2><p>Este revestimiento en color blanco refleja la simplicidad y el estilo de los a\u00f1os 60 con un toque de modernidad. Su dise\u00f1o decorado y de volumen redondeado le otorga una textura que destaca en cualquier espacio, aportando luminosidad y amplitud. Perfecto para quienes buscan un fondo neutro que combine con cualquier estilo decorativo, su inspiraci\u00f3n retro le da un car\u00e1cter \u00fanico que recuerda el estilo vibrante de aquella d\u00e9cada.<\/p>","protected":false},"excerpt":{"rendered":"<p>BULGE WHITE 7,5X30Este revestimiento en color blanco refleja la simplicidad y el estilo de los a\u00f1os 60 con un toque de modernidad. Su dise\u00f1o decorado y de volumen redondeado le otorga una textura que destaca en cualquier espacio, aportando luminosidad y amplitud. Perfecto para quienes buscan un fondo neutro que combine con cualquier estilo decorativo, [&hellip;]<\/p>\n","protected":false},"featured_media":542545,"comment_status":"open","ping_status":"closed","template":"","meta":[],"product_brand":[],"product_cat":[305,306,304],"product_tag":[],"class_list":{"0":"post-542557","1":"product","2":"type-product","3":"status-publish","4":"has-post-thumbnail","6":"product_cat-banos","7":"product_cat-cocina","8":"product_cat-revestimiento","10":"first","11":"instock","12":"shipping-taxable","13":"purchasable","14":"product-type-simple"},"_links":{"self":[{"href":"https:\/\/tilefly.com\/es\/wp-json\/wp\/v2\/product\/542557","targetHints":{"allow":["GET"]}}],"collection":[{"href":"https:\/\/tilefly.com\/es\/wp-json\/wp\/v2\/product"}],"about":[{"href":"https:\/\/tilefly.com\/es\/wp-json\/wp\/v2\/types\/product"}],"replies":[{"embeddable":true,"href":"https:\/\/tilefly.com\/es\/wp-json\/wp\/v2\/comments?post=542557"}],"wp:featuredmedia":[{"embeddable":true,"href":"https:\/\/tilefly.com\/es\/wp-json\/wp\/v2\/media\/542545"}],"wp:attachment":[{"href":"https:\/\/tilefly.com\/es\/wp-json\/wp\/v2\/media?parent=542557"}],"wp:term":[{"taxonomy":"product_brand","embeddable":true,"href":"https:\/\/tilefly.com\/es\/wp-json\/wp\/v2\/product_brand?post=542557"},{"taxonomy":"product_cat","embeddable":true,"href":"https:\/\/tilefly.com\/es\/wp-json\/wp\/v2\/product_cat?post=542557"},{"taxonomy":"product_tag","embeddable":true,"href":"https:\/\/tilefly.com\/es\/wp-json\/wp\/v2\/product_tag?post=542557"}],"curies":[{"name":"wp","href":"https:\/\/api.w.org\/{rel}","templated":true}]}}