{"id":542414,"date":"2024-11-08T18:02:48","date_gmt":"2024-11-08T17:02:48","guid":{"rendered":"https:\/\/tilefly.com\/producto\/nora-coal-15x15\/"},"modified":"2025-12-15T14:22:16","modified_gmt":"2025-12-15T13:22:16","slug":"nora-coal-15x15","status":"publish","type":"product","link":"https:\/\/tilefly.com\/es\/producto\/nora-coal-15x15\/","title":{"rendered":"NORA COAL 15X15"},"content":{"rendered":"<h2><strong>NORA COAL 15X15<\/strong><\/h2><p>En un tono gris oscuro, el pavimento Nora Coal es ideal para quienes buscan un estilo industrial elegante. Con una superficie mate y aspecto de cemento, esta baldosa porcel\u00e1nica de 15&#215;15 a\u00f1ade profundidad y sofisticaci\u00f3n a cualquier ambiente. Inspirada en la baldosa hidr\u00e1ulica cl\u00e1sica, pero con un enfoque moderno, es perfecta para crear espacios con car\u00e1cter y personalidad, aportando un toque de elegancia sobria y atemporal que se adapta a las tendencias actuales.<\/p>","protected":false},"excerpt":{"rendered":"<p>NORA COAL 15X15En un tono gris oscuro, el pavimento Nora Coal es ideal para quienes buscan un estilo industrial elegante. Con una superficie mate y aspecto de cemento, esta baldosa porcel\u00e1nica de 15&#215;15 a\u00f1ade profundidad y sofisticaci\u00f3n a cualquier ambiente. Inspirada en la baldosa hidr\u00e1ulica cl\u00e1sica, pero con un enfoque moderno, es perfecta para crear [&hellip;]<\/p>\n","protected":false},"featured_media":542402,"comment_status":"open","ping_status":"closed","template":"","meta":[],"product_brand":[],"product_cat":[303,305,306,304],"product_tag":[],"class_list":{"0":"post-542414","1":"product","2":"type-product","3":"status-publish","4":"has-post-thumbnail","6":"product_cat-baldosas","7":"product_cat-banos","8":"product_cat-cocina","9":"product_cat-revestimiento","11":"first","12":"instock","13":"shipping-taxable","14":"purchasable","15":"product-type-simple"},"_links":{"self":[{"href":"https:\/\/tilefly.com\/es\/wp-json\/wp\/v2\/product\/542414","targetHints":{"allow":["GET"]}}],"collection":[{"href":"https:\/\/tilefly.com\/es\/wp-json\/wp\/v2\/product"}],"about":[{"href":"https:\/\/tilefly.com\/es\/wp-json\/wp\/v2\/types\/product"}],"replies":[{"embeddable":true,"href":"https:\/\/tilefly.com\/es\/wp-json\/wp\/v2\/comments?post=542414"}],"wp:featuredmedia":[{"embeddable":true,"href":"https:\/\/tilefly.com\/es\/wp-json\/wp\/v2\/media\/542402"}],"wp:attachment":[{"href":"https:\/\/tilefly.com\/es\/wp-json\/wp\/v2\/media?parent=542414"}],"wp:term":[{"taxonomy":"product_brand","embeddable":true,"href":"https:\/\/tilefly.com\/es\/wp-json\/wp\/v2\/product_brand?post=542414"},{"taxonomy":"product_cat","embeddable":true,"href":"https:\/\/tilefly.com\/es\/wp-json\/wp\/v2\/product_cat?post=542414"},{"taxonomy":"product_tag","embeddable":true,"href":"https:\/\/tilefly.com\/es\/wp-json\/wp\/v2\/product_tag?post=542414"}],"curies":[{"name":"wp","href":"https:\/\/api.w.org\/{rel}","templated":true}]}}