{"id":541293,"date":"2024-11-08T15:04:32","date_gmt":"2024-11-08T14:04:32","guid":{"rendered":"https:\/\/tilefly.com\/producto\/pyramid-blue-5x20\/"},"modified":"2025-10-29T09:19:47","modified_gmt":"2025-10-29T08:19:47","slug":"pyramid-blue-5x20","status":"publish","type":"product","link":"https:\/\/tilefly.com\/es\/producto\/pyramid-blue-5x20\/","title":{"rendered":"PYRAMID BLUE 5X20"},"content":{"rendered":"<h2><strong>PYRAMID BLUE 5X20<\/strong><\/h2><p>Este revestimiento azul, con relieve de pir\u00e1mide, aporta frescura y originalidad. Su dise\u00f1o tridimensional crea un efecto de movimiento, lo que lo convierte en una opci\u00f3n perfecta para dar un toque de energ\u00eda y modernidad a cualquier espacio.<\/p>","protected":false},"excerpt":{"rendered":"<p>PYRAMID BLUE 5X20Este revestimiento azul, con relieve de pir\u00e1mide, aporta frescura y originalidad. Su dise\u00f1o tridimensional crea un efecto de movimiento, lo que lo convierte en una opci\u00f3n perfecta para dar un toque de energ\u00eda y modernidad a cualquier espacio.<\/p>\n","protected":false},"featured_media":541287,"comment_status":"open","ping_status":"closed","template":"","meta":[],"product_brand":[],"product_cat":[305,306,304],"product_tag":[],"class_list":{"0":"post-541293","1":"product","2":"type-product","3":"status-publish","4":"has-post-thumbnail","6":"product_cat-banos","7":"product_cat-cocina","8":"product_cat-revestimiento","10":"first","11":"instock","12":"shipping-taxable","13":"purchasable","14":"product-type-simple"},"_links":{"self":[{"href":"https:\/\/tilefly.com\/es\/wp-json\/wp\/v2\/product\/541293","targetHints":{"allow":["GET"]}}],"collection":[{"href":"https:\/\/tilefly.com\/es\/wp-json\/wp\/v2\/product"}],"about":[{"href":"https:\/\/tilefly.com\/es\/wp-json\/wp\/v2\/types\/product"}],"replies":[{"embeddable":true,"href":"https:\/\/tilefly.com\/es\/wp-json\/wp\/v2\/comments?post=541293"}],"wp:featuredmedia":[{"embeddable":true,"href":"https:\/\/tilefly.com\/es\/wp-json\/wp\/v2\/media\/541287"}],"wp:attachment":[{"href":"https:\/\/tilefly.com\/es\/wp-json\/wp\/v2\/media?parent=541293"}],"wp:term":[{"taxonomy":"product_brand","embeddable":true,"href":"https:\/\/tilefly.com\/es\/wp-json\/wp\/v2\/product_brand?post=541293"},{"taxonomy":"product_cat","embeddable":true,"href":"https:\/\/tilefly.com\/es\/wp-json\/wp\/v2\/product_cat?post=541293"},{"taxonomy":"product_tag","embeddable":true,"href":"https:\/\/tilefly.com\/es\/wp-json\/wp\/v2\/product_tag?post=541293"}],"curies":[{"name":"wp","href":"https:\/\/api.w.org\/{rel}","templated":true}]}}