{"id":541286,"date":"2024-11-08T15:04:30","date_gmt":"2024-11-08T14:04:30","guid":{"rendered":"https:\/\/tilefly.com\/producto\/pyramid-snow-5x20\/"},"modified":"2025-10-29T09:19:46","modified_gmt":"2025-10-29T08:19:46","slug":"pyramid-snow-5x20","status":"publish","type":"product","link":"https:\/\/tilefly.com\/es\/producto\/pyramid-snow-5x20\/","title":{"rendered":"PYRAMID SNOW 5X20"},"content":{"rendered":"<h2><strong>PYRAMID SNOW 5X20<\/strong><\/h2><p>En un blanco puro, este revestimiento ofrece una textura en forma de pir\u00e1mide que da una sensaci\u00f3n de movimiento y elegancia geom\u00e9trica. Inspirado en la arquitectura moderna, su dise\u00f1o es ideal para crear ambientes llenos de luz y profundidad visual.<\/p>","protected":false},"excerpt":{"rendered":"<p>PYRAMID SNOW 5X20En un blanco puro, este revestimiento ofrece una textura en forma de pir\u00e1mide que da una sensaci\u00f3n de movimiento y elegancia geom\u00e9trica. Inspirado en la arquitectura moderna, su dise\u00f1o es ideal para crear ambientes llenos de luz y profundidad visual.<\/p>\n","protected":false},"featured_media":541280,"comment_status":"open","ping_status":"closed","template":"","meta":[],"product_brand":[],"product_cat":[305,306,304],"product_tag":[],"class_list":{"0":"post-541286","1":"product","2":"type-product","3":"status-publish","4":"has-post-thumbnail","6":"product_cat-banos","7":"product_cat-cocina","8":"product_cat-revestimiento","10":"first","11":"instock","12":"shipping-taxable","13":"purchasable","14":"product-type-simple"},"_links":{"self":[{"href":"https:\/\/tilefly.com\/es\/wp-json\/wp\/v2\/product\/541286","targetHints":{"allow":["GET"]}}],"collection":[{"href":"https:\/\/tilefly.com\/es\/wp-json\/wp\/v2\/product"}],"about":[{"href":"https:\/\/tilefly.com\/es\/wp-json\/wp\/v2\/types\/product"}],"replies":[{"embeddable":true,"href":"https:\/\/tilefly.com\/es\/wp-json\/wp\/v2\/comments?post=541286"}],"wp:featuredmedia":[{"embeddable":true,"href":"https:\/\/tilefly.com\/es\/wp-json\/wp\/v2\/media\/541280"}],"wp:attachment":[{"href":"https:\/\/tilefly.com\/es\/wp-json\/wp\/v2\/media?parent=541286"}],"wp:term":[{"taxonomy":"product_brand","embeddable":true,"href":"https:\/\/tilefly.com\/es\/wp-json\/wp\/v2\/product_brand?post=541286"},{"taxonomy":"product_cat","embeddable":true,"href":"https:\/\/tilefly.com\/es\/wp-json\/wp\/v2\/product_cat?post=541286"},{"taxonomy":"product_tag","embeddable":true,"href":"https:\/\/tilefly.com\/es\/wp-json\/wp\/v2\/product_tag?post=541286"}],"curies":[{"name":"wp","href":"https:\/\/api.w.org\/{rel}","templated":true}]}}