{"id":541152,"date":"2024-11-08T14:30:24","date_gmt":"2024-11-08T13:30:24","guid":{"rendered":"https:\/\/tilefly.com\/producto\/flat-palladium-5x20\/"},"modified":"2025-10-29T09:19:40","modified_gmt":"2025-10-29T08:19:40","slug":"flat-palladium-5x20","status":"publish","type":"product","link":"https:\/\/tilefly.com\/es\/producto\/flat-palladium-5x20\/","title":{"rendered":"FLAT PALLADIUM 5X20"},"content":{"rendered":"<h2><strong>FLAT PALLADIUM 5X20<\/strong><\/h2><p>Con su tono gris\u00e1ceo, este revestimiento de superficie plana es una opci\u00f3n moderna y discreta. Ideal para combinar con texturas en relieve, aporta una est\u00e9tica limpia y elegante.<\/p>","protected":false},"excerpt":{"rendered":"<p>FLAT PALLADIUM 5X20Con su tono gris\u00e1ceo, este revestimiento de superficie plana es una opci\u00f3n moderna y discreta. Ideal para combinar con texturas en relieve, aporta una est\u00e9tica limpia y elegante.<\/p>\n","protected":false},"featured_media":541140,"comment_status":"open","ping_status":"closed","template":"","meta":[],"product_brand":[],"product_cat":[305,306,304],"product_tag":[],"class_list":{"0":"post-541152","1":"product","2":"type-product","3":"status-publish","4":"has-post-thumbnail","6":"product_cat-banos","7":"product_cat-cocina","8":"product_cat-revestimiento","10":"first","11":"instock","12":"shipping-taxable","13":"purchasable","14":"product-type-simple"},"_links":{"self":[{"href":"https:\/\/tilefly.com\/es\/wp-json\/wp\/v2\/product\/541152","targetHints":{"allow":["GET"]}}],"collection":[{"href":"https:\/\/tilefly.com\/es\/wp-json\/wp\/v2\/product"}],"about":[{"href":"https:\/\/tilefly.com\/es\/wp-json\/wp\/v2\/types\/product"}],"replies":[{"embeddable":true,"href":"https:\/\/tilefly.com\/es\/wp-json\/wp\/v2\/comments?post=541152"}],"wp:featuredmedia":[{"embeddable":true,"href":"https:\/\/tilefly.com\/es\/wp-json\/wp\/v2\/media\/541140"}],"wp:attachment":[{"href":"https:\/\/tilefly.com\/es\/wp-json\/wp\/v2\/media?parent=541152"}],"wp:term":[{"taxonomy":"product_brand","embeddable":true,"href":"https:\/\/tilefly.com\/es\/wp-json\/wp\/v2\/product_brand?post=541152"},{"taxonomy":"product_cat","embeddable":true,"href":"https:\/\/tilefly.com\/es\/wp-json\/wp\/v2\/product_cat?post=541152"},{"taxonomy":"product_tag","embeddable":true,"href":"https:\/\/tilefly.com\/es\/wp-json\/wp\/v2\/product_tag?post=541152"}],"curies":[{"name":"wp","href":"https:\/\/api.w.org\/{rel}","templated":true}]}}