{"id":541018,"date":"2024-11-08T14:29:30","date_gmt":"2024-11-08T13:29:30","guid":{"rendered":"https:\/\/tilefly.com\/producto\/pyramid-night-5x20\/"},"modified":"2025-10-29T09:19:32","modified_gmt":"2025-10-29T08:19:32","slug":"pyramid-night-5x20","status":"publish","type":"product","link":"https:\/\/tilefly.com\/es\/producto\/pyramid-night-5x20\/","title":{"rendered":"PYRAMID NIGHT 5X20"},"content":{"rendered":"<h2><strong>PYRAMID NIGHT 5X20<\/strong><\/h2><p>Con su color negro intenso y su dise\u00f1o tridimensional en forma de pir\u00e1mide, este revestimiento es sin\u00f3nimo de elegancia y dramatismo. Es ideal para quienes buscan un estilo impactante y lleno de profundidad, aportando una atm\u00f3sfera de lujo y modernidad.<\/p>","protected":false},"excerpt":{"rendered":"<p>PYRAMID NIGHT 5X20Con su color negro intenso y su dise\u00f1o tridimensional en forma de pir\u00e1mide, este revestimiento es sin\u00f3nimo de elegancia y dramatismo. Es ideal para quienes buscan un estilo impactante y lleno de profundidad, aportando una atm\u00f3sfera de lujo y modernidad.<\/p>\n","protected":false},"featured_media":541006,"comment_status":"open","ping_status":"closed","template":"","meta":[],"product_brand":[],"product_cat":[305,306,304],"product_tag":[],"class_list":{"0":"post-541018","1":"product","2":"type-product","3":"status-publish","4":"has-post-thumbnail","6":"product_cat-banos","7":"product_cat-cocina","8":"product_cat-revestimiento","10":"first","11":"instock","12":"shipping-taxable","13":"purchasable","14":"product-type-simple"},"_links":{"self":[{"href":"https:\/\/tilefly.com\/es\/wp-json\/wp\/v2\/product\/541018","targetHints":{"allow":["GET"]}}],"collection":[{"href":"https:\/\/tilefly.com\/es\/wp-json\/wp\/v2\/product"}],"about":[{"href":"https:\/\/tilefly.com\/es\/wp-json\/wp\/v2\/types\/product"}],"replies":[{"embeddable":true,"href":"https:\/\/tilefly.com\/es\/wp-json\/wp\/v2\/comments?post=541018"}],"wp:featuredmedia":[{"embeddable":true,"href":"https:\/\/tilefly.com\/es\/wp-json\/wp\/v2\/media\/541006"}],"wp:attachment":[{"href":"https:\/\/tilefly.com\/es\/wp-json\/wp\/v2\/media?parent=541018"}],"wp:term":[{"taxonomy":"product_brand","embeddable":true,"href":"https:\/\/tilefly.com\/es\/wp-json\/wp\/v2\/product_brand?post=541018"},{"taxonomy":"product_cat","embeddable":true,"href":"https:\/\/tilefly.com\/es\/wp-json\/wp\/v2\/product_cat?post=541018"},{"taxonomy":"product_tag","embeddable":true,"href":"https:\/\/tilefly.com\/es\/wp-json\/wp\/v2\/product_tag?post=541018"}],"curies":[{"name":"wp","href":"https:\/\/api.w.org\/{rel}","templated":true}]}}