{"id":540945,"date":"2024-11-08T13:40:06","date_gmt":"2024-11-08T12:40:06","guid":{"rendered":"https:\/\/tilefly.com\/producto\/romantic-champagne-rect-30x90\/"},"modified":"2025-10-29T09:19:27","modified_gmt":"2025-10-29T08:19:27","slug":"romantic-champagne-rect-30x90","status":"publish","type":"product","link":"https:\/\/tilefly.com\/es\/producto\/romantic-champagne-rect-30x90\/","title":{"rendered":"ROMANTIC CHAMPAGNE RECT 30X90"},"content":{"rendered":"<h2><strong>ROMANTIC CHAMPAGNE RECT 30X90<\/strong><\/h2><p>Con su suave tono beige y acabado mate, este revestimiento aporta una atm\u00f3sfera rom\u00e1ntica y cl\u00e1sica. Ideal para espacios que buscan destacar por su simplicidad y belleza natural.<\/p>","protected":false},"excerpt":{"rendered":"<p>ROMANTIC CHAMPAGNE RECT 30X90Con su suave tono beige y acabado mate, este revestimiento aporta una atm\u00f3sfera rom\u00e1ntica y cl\u00e1sica. Ideal para espacios que buscan destacar por su simplicidad y belleza natural.<\/p>\n","protected":false},"featured_media":540933,"comment_status":"open","ping_status":"closed","template":"","meta":[],"product_brand":[],"product_cat":[847,848,827],"product_tag":[],"class_list":{"0":"post-540945","1":"product","2":"type-product","3":"status-publish","4":"has-post-thumbnail","6":"product_cat-bagni","7":"product_cat-cucine","8":"product_cat-rivestimento","10":"first","11":"instock","12":"shipping-taxable","13":"purchasable","14":"product-type-simple"},"_links":{"self":[{"href":"https:\/\/tilefly.com\/es\/wp-json\/wp\/v2\/product\/540945","targetHints":{"allow":["GET"]}}],"collection":[{"href":"https:\/\/tilefly.com\/es\/wp-json\/wp\/v2\/product"}],"about":[{"href":"https:\/\/tilefly.com\/es\/wp-json\/wp\/v2\/types\/product"}],"replies":[{"embeddable":true,"href":"https:\/\/tilefly.com\/es\/wp-json\/wp\/v2\/comments?post=540945"}],"wp:featuredmedia":[{"embeddable":true,"href":"https:\/\/tilefly.com\/es\/wp-json\/wp\/v2\/media\/540933"}],"wp:attachment":[{"href":"https:\/\/tilefly.com\/es\/wp-json\/wp\/v2\/media?parent=540945"}],"wp:term":[{"taxonomy":"product_brand","embeddable":true,"href":"https:\/\/tilefly.com\/es\/wp-json\/wp\/v2\/product_brand?post=540945"},{"taxonomy":"product_cat","embeddable":true,"href":"https:\/\/tilefly.com\/es\/wp-json\/wp\/v2\/product_cat?post=540945"},{"taxonomy":"product_tag","embeddable":true,"href":"https:\/\/tilefly.com\/es\/wp-json\/wp\/v2\/product_tag?post=540945"}],"curies":[{"name":"wp","href":"https:\/\/api.w.org\/{rel}","templated":true}]}}