{"id":540893,"date":"2024-11-08T13:39:53","date_gmt":"2024-11-08T12:39:53","guid":{"rendered":"https:\/\/tilefly.com\/producto\/romantic-tide-rect-30x90\/"},"modified":"2025-10-29T09:19:24","modified_gmt":"2025-10-29T08:19:24","slug":"romantic-tide-rect-30x90","status":"publish","type":"product","link":"https:\/\/tilefly.com\/es\/producto\/romantic-tide-rect-30x90\/","title":{"rendered":"ROMANTIC TIDE RECT 30X90"},"content":{"rendered":"<h2><strong>ROMANTIC TIDE RECT 30X90<\/strong><\/h2><p>En azul suave, este revestimiento mate aporta un toque rom\u00e1ntico y calmado a cualquier espacio. Su dise\u00f1o evoca la delicadeza y la serenidad del mar en calma, ideal para crear un ambiente \u00edntimo y relajante.<\/p>","protected":false},"excerpt":{"rendered":"<p>ROMANTIC TIDE RECT 30X90En azul suave, este revestimiento mate aporta un toque rom\u00e1ntico y calmado a cualquier espacio. Su dise\u00f1o evoca la delicadeza y la serenidad del mar en calma, ideal para crear un ambiente \u00edntimo y relajante.<\/p>\n","protected":false},"featured_media":540881,"comment_status":"open","ping_status":"closed","template":"","meta":[],"product_brand":[],"product_cat":[847,848,827],"product_tag":[],"class_list":{"0":"post-540893","1":"product","2":"type-product","3":"status-publish","4":"has-post-thumbnail","6":"product_cat-bagni","7":"product_cat-cucine","8":"product_cat-rivestimento","10":"first","11":"instock","12":"shipping-taxable","13":"purchasable","14":"product-type-simple"},"_links":{"self":[{"href":"https:\/\/tilefly.com\/es\/wp-json\/wp\/v2\/product\/540893","targetHints":{"allow":["GET"]}}],"collection":[{"href":"https:\/\/tilefly.com\/es\/wp-json\/wp\/v2\/product"}],"about":[{"href":"https:\/\/tilefly.com\/es\/wp-json\/wp\/v2\/types\/product"}],"replies":[{"embeddable":true,"href":"https:\/\/tilefly.com\/es\/wp-json\/wp\/v2\/comments?post=540893"}],"wp:featuredmedia":[{"embeddable":true,"href":"https:\/\/tilefly.com\/es\/wp-json\/wp\/v2\/media\/540881"}],"wp:attachment":[{"href":"https:\/\/tilefly.com\/es\/wp-json\/wp\/v2\/media?parent=540893"}],"wp:term":[{"taxonomy":"product_brand","embeddable":true,"href":"https:\/\/tilefly.com\/es\/wp-json\/wp\/v2\/product_brand?post=540893"},{"taxonomy":"product_cat","embeddable":true,"href":"https:\/\/tilefly.com\/es\/wp-json\/wp\/v2\/product_cat?post=540893"},{"taxonomy":"product_tag","embeddable":true,"href":"https:\/\/tilefly.com\/es\/wp-json\/wp\/v2\/product_tag?post=540893"}],"curies":[{"name":"wp","href":"https:\/\/api.w.org\/{rel}","templated":true}]}}