{"id":540854,"date":"2024-11-08T13:39:37","date_gmt":"2024-11-08T12:39:37","guid":{"rendered":"https:\/\/tilefly.com\/producto\/colorful-rouge-rect-30x90\/"},"modified":"2025-10-29T09:19:21","modified_gmt":"2025-10-29T08:19:21","slug":"colorful-rouge-rect-30x90","status":"publish","type":"product","link":"https:\/\/tilefly.com\/es\/producto\/colorful-rouge-rect-30x90\/","title":{"rendered":"COLORFUL ROUGE RECT 30X90"},"content":{"rendered":"<h2><strong>COLORFUL ROUGE RECT 30X90<\/strong><\/h2><p>En un tono marr\u00f3n c\u00e1lido, este revestimiento mate combina con facilidad en ambientes acogedores. Su dise\u00f1o aporta una sensaci\u00f3n de confort y naturalidad, ideal para espacios que buscan transmitir calidez.<\/p>","protected":false},"excerpt":{"rendered":"<p>COLORFUL ROUGE RECT 30X90En un tono marr\u00f3n c\u00e1lido, este revestimiento mate combina con facilidad en ambientes acogedores. Su dise\u00f1o aporta una sensaci\u00f3n de confort y naturalidad, ideal para espacios que buscan transmitir calidez.<\/p>\n","protected":false},"featured_media":540842,"comment_status":"open","ping_status":"closed","template":"","meta":[],"product_brand":[],"product_cat":[305,306,304],"product_tag":[],"class_list":{"0":"post-540854","1":"product","2":"type-product","3":"status-publish","4":"has-post-thumbnail","6":"product_cat-banos","7":"product_cat-cocina","8":"product_cat-revestimiento","10":"first","11":"instock","12":"shipping-taxable","13":"purchasable","14":"product-type-simple"},"_links":{"self":[{"href":"https:\/\/tilefly.com\/es\/wp-json\/wp\/v2\/product\/540854","targetHints":{"allow":["GET"]}}],"collection":[{"href":"https:\/\/tilefly.com\/es\/wp-json\/wp\/v2\/product"}],"about":[{"href":"https:\/\/tilefly.com\/es\/wp-json\/wp\/v2\/types\/product"}],"replies":[{"embeddable":true,"href":"https:\/\/tilefly.com\/es\/wp-json\/wp\/v2\/comments?post=540854"}],"wp:featuredmedia":[{"embeddable":true,"href":"https:\/\/tilefly.com\/es\/wp-json\/wp\/v2\/media\/540842"}],"wp:attachment":[{"href":"https:\/\/tilefly.com\/es\/wp-json\/wp\/v2\/media?parent=540854"}],"wp:term":[{"taxonomy":"product_brand","embeddable":true,"href":"https:\/\/tilefly.com\/es\/wp-json\/wp\/v2\/product_brand?post=540854"},{"taxonomy":"product_cat","embeddable":true,"href":"https:\/\/tilefly.com\/es\/wp-json\/wp\/v2\/product_cat?post=540854"},{"taxonomy":"product_tag","embeddable":true,"href":"https:\/\/tilefly.com\/es\/wp-json\/wp\/v2\/product_tag?post=540854"}],"curies":[{"name":"wp","href":"https:\/\/api.w.org\/{rel}","templated":true}]}}