{"id":540815,"date":"2024-11-08T13:39:19","date_gmt":"2024-11-08T12:39:19","guid":{"rendered":"https:\/\/tilefly.com\/producto\/colorful-turquoise-rect-30x90\/"},"modified":"2026-03-14T04:16:18","modified_gmt":"2026-03-14T03:16:18","slug":"colorful-turquoise-rect-30x90","status":"publish","type":"product","link":"https:\/\/tilefly.com\/es\/producto\/colorful-turquoise-rect-30x90\/","title":{"rendered":"COLORFUL TURQUOISE RECT 30X90"},"content":{"rendered":"<h2><strong>COLORFUL TURQUOISE RECT 30X90<\/strong><\/h2><p>Con un vibrante color turquoise, este revestimiento captura la frescura y la vitalidad del oc\u00e9ano. Sus tonos modernos y su acabado mate lo convierten en una opci\u00f3n ideal para a\u00f1adir un toque de frescura y energ\u00eda a cualquier espacio.<\/p>","protected":false},"excerpt":{"rendered":"<p>COLORFUL TURQUOISE RECT 30X90Con un vibrante color turquoise, este revestimiento captura la frescura y la vitalidad del oc\u00e9ano. Sus tonos modernos y su acabado mate lo convierten en una opci\u00f3n ideal para a\u00f1adir un toque de frescura y energ\u00eda a cualquier espacio.<\/p>\n","protected":false},"featured_media":540803,"comment_status":"open","ping_status":"closed","template":"","meta":[],"product_brand":[],"product_cat":[305,306,304],"product_tag":[],"class_list":{"0":"post-540815","1":"product","2":"type-product","3":"status-publish","4":"has-post-thumbnail","6":"product_cat-banos","7":"product_cat-cocina","8":"product_cat-revestimiento","10":"first","11":"instock","12":"shipping-taxable","13":"purchasable","14":"product-type-simple"},"_links":{"self":[{"href":"https:\/\/tilefly.com\/es\/wp-json\/wp\/v2\/product\/540815","targetHints":{"allow":["GET"]}}],"collection":[{"href":"https:\/\/tilefly.com\/es\/wp-json\/wp\/v2\/product"}],"about":[{"href":"https:\/\/tilefly.com\/es\/wp-json\/wp\/v2\/types\/product"}],"replies":[{"embeddable":true,"href":"https:\/\/tilefly.com\/es\/wp-json\/wp\/v2\/comments?post=540815"}],"wp:featuredmedia":[{"embeddable":true,"href":"https:\/\/tilefly.com\/es\/wp-json\/wp\/v2\/media\/540803"}],"wp:attachment":[{"href":"https:\/\/tilefly.com\/es\/wp-json\/wp\/v2\/media?parent=540815"}],"wp:term":[{"taxonomy":"product_brand","embeddable":true,"href":"https:\/\/tilefly.com\/es\/wp-json\/wp\/v2\/product_brand?post=540815"},{"taxonomy":"product_cat","embeddable":true,"href":"https:\/\/tilefly.com\/es\/wp-json\/wp\/v2\/product_cat?post=540815"},{"taxonomy":"product_tag","embeddable":true,"href":"https:\/\/tilefly.com\/es\/wp-json\/wp\/v2\/product_tag?post=540815"}],"curies":[{"name":"wp","href":"https:\/\/api.w.org\/{rel}","templated":true}]}}