{"id":540700,"date":"2024-11-07T03:20:23","date_gmt":"2024-11-07T02:20:23","guid":{"rendered":"https:\/\/tilefly.com\/producto\/picket-modern-obsidian-6x26\/"},"modified":"2025-10-29T09:17:17","modified_gmt":"2025-10-29T08:17:17","slug":"picket-modern-obsidian-6x26","status":"publish","type":"product","link":"https:\/\/tilefly.com\/es\/producto\/picket-modern-obsidian-6x26\/","title":{"rendered":"PICKET MODERN OBSIDIAN 6X26"},"content":{"rendered":"<h2><strong>PICKET MODERN OBSIDIAN 6X26<\/strong><\/h2><p>Picket Modern Obsidian 6&#215;26, en tono gris oscuro y con acabado brillante, ofrece un estilo audaz y moderno. Su dise\u00f1o en pico permite crear patrones encajados, aportando un toque sofisticado y contempor\u00e1neo en cualquier espacio. Perfecto para quienes buscan un ambiente con car\u00e1cter.<\/p>","protected":false},"excerpt":{"rendered":"<p>PICKET MODERN OBSIDIAN 6X26Picket Modern Obsidian 6&#215;26, en tono gris oscuro y con acabado brillante, ofrece un estilo audaz y moderno. Su dise\u00f1o en pico permite crear patrones encajados, aportando un toque sofisticado y contempor\u00e1neo en cualquier espacio. Perfecto para quienes buscan un ambiente con car\u00e1cter.<\/p>\n","protected":false},"featured_media":540688,"comment_status":"open","ping_status":"closed","template":"","meta":[],"product_brand":[],"product_cat":[303,305,306,304],"product_tag":[],"class_list":{"0":"post-540700","1":"product","2":"type-product","3":"status-publish","4":"has-post-thumbnail","6":"product_cat-baldosas","7":"product_cat-banos","8":"product_cat-cocina","9":"product_cat-revestimiento","11":"first","12":"instock","13":"shipping-taxable","14":"purchasable","15":"product-type-simple"},"_links":{"self":[{"href":"https:\/\/tilefly.com\/es\/wp-json\/wp\/v2\/product\/540700","targetHints":{"allow":["GET"]}}],"collection":[{"href":"https:\/\/tilefly.com\/es\/wp-json\/wp\/v2\/product"}],"about":[{"href":"https:\/\/tilefly.com\/es\/wp-json\/wp\/v2\/types\/product"}],"replies":[{"embeddable":true,"href":"https:\/\/tilefly.com\/es\/wp-json\/wp\/v2\/comments?post=540700"}],"wp:featuredmedia":[{"embeddable":true,"href":"https:\/\/tilefly.com\/es\/wp-json\/wp\/v2\/media\/540688"}],"wp:attachment":[{"href":"https:\/\/tilefly.com\/es\/wp-json\/wp\/v2\/media?parent=540700"}],"wp:term":[{"taxonomy":"product_brand","embeddable":true,"href":"https:\/\/tilefly.com\/es\/wp-json\/wp\/v2\/product_brand?post=540700"},{"taxonomy":"product_cat","embeddable":true,"href":"https:\/\/tilefly.com\/es\/wp-json\/wp\/v2\/product_cat?post=540700"},{"taxonomy":"product_tag","embeddable":true,"href":"https:\/\/tilefly.com\/es\/wp-json\/wp\/v2\/product_tag?post=540700"}],"curies":[{"name":"wp","href":"https:\/\/api.w.org\/{rel}","templated":true}]}}