{"id":540557,"date":"2024-11-07T03:19:45","date_gmt":"2024-11-07T02:19:45","guid":{"rendered":"https:\/\/tilefly.com\/producto\/picket-contemporary-mineral-grey-6x26\/"},"modified":"2025-05-28T00:46:49","modified_gmt":"2025-05-27T22:46:49","slug":"picket-contemporary-mineral-grey-6x26","status":"publish","type":"product","link":"https:\/\/tilefly.com\/es\/producto\/picket-contemporary-mineral-grey-6x26\/","title":{"rendered":"PICKET CONTEMPORARY MINERAL GREY 6X26"},"content":{"rendered":"<h2><strong>PICKET CONTEMPORARY MINERAL GREY 6X26<\/strong><\/h2><p>El azulejo Picket Contemporary Mineral Grey 6&#215;26, en tono gris elegante, desaf\u00eda el dise\u00f1o convencional con su formato en pico. Este dise\u00f1o permite crear patrones encajados y modernos. Con su acabado mate y superficie antideslizante, es perfecto para espacios que buscan una est\u00e9tica actual y segura.<\/p>","protected":false},"excerpt":{"rendered":"<p>PICKET CONTEMPORARY MINERAL GREY 6X26El azulejo Picket Contemporary Mineral Grey 6&#215;26, en tono gris elegante, desaf\u00eda el dise\u00f1o convencional con su formato en pico. Este dise\u00f1o permite crear patrones encajados y modernos. Con su acabado mate y superficie antideslizante, es perfecto para espacios que buscan una est\u00e9tica actual y segura.<\/p>\n","protected":false},"featured_media":540545,"comment_status":"open","ping_status":"closed","template":"","meta":[],"product_brand":[],"product_cat":[353,354,355,356],"product_tag":[],"class_list":{"0":"post-540557","1":"product","2":"type-product","3":"status-publish","4":"has-post-thumbnail","6":"product_cat-carrelage","7":"product_cat-carrelage-salle-de-bain","8":"product_cat-cuisines","9":"product_cat-faiences","11":"first","12":"outofstock","13":"shipping-taxable","14":"purchasable","15":"product-type-simple"},"_links":{"self":[{"href":"https:\/\/tilefly.com\/es\/wp-json\/wp\/v2\/product\/540557","targetHints":{"allow":["GET"]}}],"collection":[{"href":"https:\/\/tilefly.com\/es\/wp-json\/wp\/v2\/product"}],"about":[{"href":"https:\/\/tilefly.com\/es\/wp-json\/wp\/v2\/types\/product"}],"replies":[{"embeddable":true,"href":"https:\/\/tilefly.com\/es\/wp-json\/wp\/v2\/comments?post=540557"}],"wp:featuredmedia":[{"embeddable":true,"href":"https:\/\/tilefly.com\/es\/wp-json\/wp\/v2\/media\/540545"}],"wp:attachment":[{"href":"https:\/\/tilefly.com\/es\/wp-json\/wp\/v2\/media?parent=540557"}],"wp:term":[{"taxonomy":"product_brand","embeddable":true,"href":"https:\/\/tilefly.com\/es\/wp-json\/wp\/v2\/product_brand?post=540557"},{"taxonomy":"product_cat","embeddable":true,"href":"https:\/\/tilefly.com\/es\/wp-json\/wp\/v2\/product_cat?post=540557"},{"taxonomy":"product_tag","embeddable":true,"href":"https:\/\/tilefly.com\/es\/wp-json\/wp\/v2\/product_tag?post=540557"}],"curies":[{"name":"wp","href":"https:\/\/api.w.org\/{rel}","templated":true}]}}