{"id":540531,"date":"2024-11-07T03:19:39","date_gmt":"2024-11-07T02:19:39","guid":{"rendered":"https:\/\/tilefly.com\/producto\/picket-contemporary-ash-rose-6x26\/"},"modified":"2025-10-29T09:17:01","modified_gmt":"2025-10-29T08:17:01","slug":"picket-contemporary-ash-rose-6x26","status":"publish","type":"product","link":"https:\/\/tilefly.com\/es\/producto\/picket-contemporary-ash-rose-6x26\/","title":{"rendered":"PICKET CONTEMPORARY ASH ROSE 6X26"},"content":{"rendered":"<h2><strong>PICKET CONTEMPORARY ASH ROSE 6X26<\/strong><\/h2><p>El tono rosa ceniza de Picket Contemporary Ash Rose 6&#215;26 a\u00f1ade sofisticaci\u00f3n a cualquier entorno. Su dise\u00f1o con picos permite un encaje perfecto entre piezas, creando patrones personalizados. Con su acabado mate y superficie antideslizante, esta pieza es ideal para quienes buscan estilo y funcionalidad en su decoraci\u00f3n.<\/p>","protected":false},"excerpt":{"rendered":"<p>PICKET CONTEMPORARY ASH ROSE 6X26El tono rosa ceniza de Picket Contemporary Ash Rose 6&#215;26 a\u00f1ade sofisticaci\u00f3n a cualquier entorno. Su dise\u00f1o con picos permite un encaje perfecto entre piezas, creando patrones personalizados. Con su acabado mate y superficie antideslizante, esta pieza es ideal para quienes buscan estilo y funcionalidad en su decoraci\u00f3n.<\/p>\n","protected":false},"featured_media":540519,"comment_status":"open","ping_status":"closed","template":"","meta":[],"product_brand":[],"product_cat":[353,354,355,356],"product_tag":[],"class_list":{"0":"post-540531","1":"product","2":"type-product","3":"status-publish","4":"has-post-thumbnail","6":"product_cat-carrelage","7":"product_cat-carrelage-salle-de-bain","8":"product_cat-cuisines","9":"product_cat-faiences","11":"first","12":"instock","13":"shipping-taxable","14":"purchasable","15":"product-type-simple"},"_links":{"self":[{"href":"https:\/\/tilefly.com\/es\/wp-json\/wp\/v2\/product\/540531","targetHints":{"allow":["GET"]}}],"collection":[{"href":"https:\/\/tilefly.com\/es\/wp-json\/wp\/v2\/product"}],"about":[{"href":"https:\/\/tilefly.com\/es\/wp-json\/wp\/v2\/types\/product"}],"replies":[{"embeddable":true,"href":"https:\/\/tilefly.com\/es\/wp-json\/wp\/v2\/comments?post=540531"}],"wp:featuredmedia":[{"embeddable":true,"href":"https:\/\/tilefly.com\/es\/wp-json\/wp\/v2\/media\/540519"}],"wp:attachment":[{"href":"https:\/\/tilefly.com\/es\/wp-json\/wp\/v2\/media?parent=540531"}],"wp:term":[{"taxonomy":"product_brand","embeddable":true,"href":"https:\/\/tilefly.com\/es\/wp-json\/wp\/v2\/product_brand?post=540531"},{"taxonomy":"product_cat","embeddable":true,"href":"https:\/\/tilefly.com\/es\/wp-json\/wp\/v2\/product_cat?post=540531"},{"taxonomy":"product_tag","embeddable":true,"href":"https:\/\/tilefly.com\/es\/wp-json\/wp\/v2\/product_tag?post=540531"}],"curies":[{"name":"wp","href":"https:\/\/api.w.org\/{rel}","templated":true}]}}