{"id":540518,"date":"2024-11-07T03:19:36","date_gmt":"2024-11-07T02:19:36","guid":{"rendered":"https:\/\/tilefly.com\/producto\/picket-contemporary-rose-quartz-6x26\/"},"modified":"2025-10-29T09:16:59","modified_gmt":"2025-10-29T08:16:59","slug":"picket-contemporary-rose-quartz-6x26","status":"publish","type":"product","link":"https:\/\/tilefly.com\/es\/producto\/picket-contemporary-rose-quartz-6x26\/","title":{"rendered":"PICKET CONTEMPORARY ROSE QUARTZ 6X26"},"content":{"rendered":"<h2><strong>PICKET CONTEMPORARY ROSE QUARTZ 6X26<\/strong><\/h2><p>Picket Contemporary Rose Quartz 6&#215;26, con su tono rosa suave, combina delicadeza y modernidad. Su forma \u00fanica con picos permite una instalaci\u00f3n din\u00e1mica, ideal para crear patrones encajados que a\u00f1aden inter\u00e9s visual. Este azulejo mate y antideslizante es perfecto para espacios que desean un toque rom\u00e1ntico y audaz a la vez.<\/p>","protected":false},"excerpt":{"rendered":"<p>PICKET CONTEMPORARY ROSE QUARTZ 6X26Picket Contemporary Rose Quartz 6&#215;26, con su tono rosa suave, combina delicadeza y modernidad. Su forma \u00fanica con picos permite una instalaci\u00f3n din\u00e1mica, ideal para crear patrones encajados que a\u00f1aden inter\u00e9s visual. Este azulejo mate y antideslizante es perfecto para espacios que desean un toque rom\u00e1ntico y audaz a la vez.<\/p>\n","protected":false},"featured_media":540506,"comment_status":"open","ping_status":"closed","template":"","meta":[],"product_brand":[],"product_cat":[353,354,355,356],"product_tag":[],"class_list":{"0":"post-540518","1":"product","2":"type-product","3":"status-publish","4":"has-post-thumbnail","6":"product_cat-carrelage","7":"product_cat-carrelage-salle-de-bain","8":"product_cat-cuisines","9":"product_cat-faiences","11":"first","12":"instock","13":"shipping-taxable","14":"purchasable","15":"product-type-simple"},"_links":{"self":[{"href":"https:\/\/tilefly.com\/es\/wp-json\/wp\/v2\/product\/540518","targetHints":{"allow":["GET"]}}],"collection":[{"href":"https:\/\/tilefly.com\/es\/wp-json\/wp\/v2\/product"}],"about":[{"href":"https:\/\/tilefly.com\/es\/wp-json\/wp\/v2\/types\/product"}],"replies":[{"embeddable":true,"href":"https:\/\/tilefly.com\/es\/wp-json\/wp\/v2\/comments?post=540518"}],"wp:featuredmedia":[{"embeddable":true,"href":"https:\/\/tilefly.com\/es\/wp-json\/wp\/v2\/media\/540506"}],"wp:attachment":[{"href":"https:\/\/tilefly.com\/es\/wp-json\/wp\/v2\/media?parent=540518"}],"wp:term":[{"taxonomy":"product_brand","embeddable":true,"href":"https:\/\/tilefly.com\/es\/wp-json\/wp\/v2\/product_brand?post=540518"},{"taxonomy":"product_cat","embeddable":true,"href":"https:\/\/tilefly.com\/es\/wp-json\/wp\/v2\/product_cat?post=540518"},{"taxonomy":"product_tag","embeddable":true,"href":"https:\/\/tilefly.com\/es\/wp-json\/wp\/v2\/product_tag?post=540518"}],"curies":[{"name":"wp","href":"https:\/\/api.w.org\/{rel}","templated":true}]}}