{"id":540466,"date":"2024-11-07T03:19:22","date_gmt":"2024-11-07T02:19:22","guid":{"rendered":"https:\/\/tilefly.com\/producto\/nelly-ash-rose-15x15\/"},"modified":"2025-10-29T09:16:54","modified_gmt":"2025-10-29T08:16:54","slug":"nelly-ash-rose-15x15","status":"publish","type":"product","link":"https:\/\/tilefly.com\/es\/producto\/nelly-ash-rose-15x15\/","title":{"rendered":"NELLY ASH ROSE 15X15"},"content":{"rendered":"<h2><strong>NELLY ASH ROSE 15X15<\/strong><\/h2><p>Nelly Ash Rose 15&#215;15, con su tono rosa ceniza, aporta sofisticaci\u00f3n y un aire contempor\u00e1neo. La franja central en esta pieza le da un toque especial que destaca en cualquier ambiente. Este dise\u00f1o mate y decorado es perfecto para quienes buscan una est\u00e9tica atrevida y moderna en sus proyectos.<\/p>","protected":false},"excerpt":{"rendered":"<p>NELLY ASH ROSE 15X15Nelly Ash Rose 15&#215;15, con su tono rosa ceniza, aporta sofisticaci\u00f3n y un aire contempor\u00e1neo. La franja central en esta pieza le da un toque especial que destaca en cualquier ambiente. Este dise\u00f1o mate y decorado es perfecto para quienes buscan una est\u00e9tica atrevida y moderna en sus proyectos.<\/p>\n","protected":false},"featured_media":540454,"comment_status":"open","ping_status":"closed","template":"","meta":[],"product_brand":[],"product_cat":[303,305,306,304],"product_tag":[],"class_list":{"0":"post-540466","1":"product","2":"type-product","3":"status-publish","4":"has-post-thumbnail","6":"product_cat-baldosas","7":"product_cat-banos","8":"product_cat-cocina","9":"product_cat-revestimiento","11":"first","12":"instock","13":"shipping-taxable","14":"purchasable","15":"product-type-simple"},"_links":{"self":[{"href":"https:\/\/tilefly.com\/es\/wp-json\/wp\/v2\/product\/540466","targetHints":{"allow":["GET"]}}],"collection":[{"href":"https:\/\/tilefly.com\/es\/wp-json\/wp\/v2\/product"}],"about":[{"href":"https:\/\/tilefly.com\/es\/wp-json\/wp\/v2\/types\/product"}],"replies":[{"embeddable":true,"href":"https:\/\/tilefly.com\/es\/wp-json\/wp\/v2\/comments?post=540466"}],"wp:featuredmedia":[{"embeddable":true,"href":"https:\/\/tilefly.com\/es\/wp-json\/wp\/v2\/media\/540454"}],"wp:attachment":[{"href":"https:\/\/tilefly.com\/es\/wp-json\/wp\/v2\/media?parent=540466"}],"wp:term":[{"taxonomy":"product_brand","embeddable":true,"href":"https:\/\/tilefly.com\/es\/wp-json\/wp\/v2\/product_brand?post=540466"},{"taxonomy":"product_cat","embeddable":true,"href":"https:\/\/tilefly.com\/es\/wp-json\/wp\/v2\/product_cat?post=540466"},{"taxonomy":"product_tag","embeddable":true,"href":"https:\/\/tilefly.com\/es\/wp-json\/wp\/v2\/product_tag?post=540466"}],"curies":[{"name":"wp","href":"https:\/\/api.w.org\/{rel}","templated":true}]}}