{"id":540388,"date":"2024-11-07T03:19:02","date_gmt":"2024-11-07T02:19:02","guid":{"rendered":"https:\/\/tilefly.com\/producto\/contemporary-obsidian-15x15\/"},"modified":"2026-04-12T04:16:09","modified_gmt":"2026-04-12T02:16:09","slug":"contemporary-obsidian-15x15","status":"publish","type":"product","link":"https:\/\/tilefly.com\/es\/producto\/contemporary-obsidian-15x15\/","title":{"rendered":"CONTEMPORARY OBSIDIAN 15X15"},"content":{"rendered":"<h2><strong>CONTEMPORARY OBSIDIAN 15X15<\/strong><\/h2><p>Contemporary Obsidian 15&#215;15, en su tono gris oscuro, ofrece un aspecto audaz y sofisticado. Con un acabado mate y propiedad antideslizante, este azulejo porcel\u00e1nico decorado es perfecto para quienes buscan una est\u00e9tica moderna y segura. Su versatilidad permite combinarlo f\u00e1cilmente con otros productos, reflejando la esencia de \u2018The Perfect Mix\u2019 en cada proyecto.<\/p>","protected":false},"excerpt":{"rendered":"<p>CONTEMPORARY OBSIDIAN 15X15Contemporary Obsidian 15&#215;15, en su tono gris oscuro, ofrece un aspecto audaz y sofisticado. Con un acabado mate y propiedad antideslizante, este azulejo porcel\u00e1nico decorado es perfecto para quienes buscan una est\u00e9tica moderna y segura. Su versatilidad permite combinarlo f\u00e1cilmente con otros productos, reflejando la esencia de \u2018The Perfect Mix\u2019 en cada proyecto.<\/p>\n","protected":false},"featured_media":540376,"comment_status":"open","ping_status":"closed","template":"","meta":[],"product_brand":[],"product_cat":[353,354,355,356],"product_tag":[],"class_list":{"0":"post-540388","1":"product","2":"type-product","3":"status-publish","4":"has-post-thumbnail","6":"product_cat-carrelage","7":"product_cat-carrelage-salle-de-bain","8":"product_cat-cuisines","9":"product_cat-faiences","11":"first","12":"outofstock","13":"shipping-taxable","14":"purchasable","15":"product-type-simple"},"_links":{"self":[{"href":"https:\/\/tilefly.com\/es\/wp-json\/wp\/v2\/product\/540388","targetHints":{"allow":["GET"]}}],"collection":[{"href":"https:\/\/tilefly.com\/es\/wp-json\/wp\/v2\/product"}],"about":[{"href":"https:\/\/tilefly.com\/es\/wp-json\/wp\/v2\/types\/product"}],"replies":[{"embeddable":true,"href":"https:\/\/tilefly.com\/es\/wp-json\/wp\/v2\/comments?post=540388"}],"wp:featuredmedia":[{"embeddable":true,"href":"https:\/\/tilefly.com\/es\/wp-json\/wp\/v2\/media\/540376"}],"wp:attachment":[{"href":"https:\/\/tilefly.com\/es\/wp-json\/wp\/v2\/media?parent=540388"}],"wp:term":[{"taxonomy":"product_brand","embeddable":true,"href":"https:\/\/tilefly.com\/es\/wp-json\/wp\/v2\/product_brand?post=540388"},{"taxonomy":"product_cat","embeddable":true,"href":"https:\/\/tilefly.com\/es\/wp-json\/wp\/v2\/product_cat?post=540388"},{"taxonomy":"product_tag","embeddable":true,"href":"https:\/\/tilefly.com\/es\/wp-json\/wp\/v2\/product_tag?post=540388"}],"curies":[{"name":"wp","href":"https:\/\/api.w.org\/{rel}","templated":true}]}}