{"id":540349,"date":"2024-11-07T03:18:52","date_gmt":"2024-11-07T02:18:52","guid":{"rendered":"https:\/\/tilefly.com\/producto\/contemporary-rose-quartz-15x15\/"},"modified":"2026-01-15T04:16:05","modified_gmt":"2026-01-15T03:16:05","slug":"contemporary-rose-quartz-15x15","status":"publish","type":"product","link":"https:\/\/tilefly.com\/es\/producto\/contemporary-rose-quartz-15x15\/","title":{"rendered":"CONTEMPORARY ROSE QUARTZ 15X15"},"content":{"rendered":"<h2><strong>CONTEMPORARY ROSE QUARTZ 15X15<\/strong><\/h2><p>Con su tono rosa suave, el azulejo Contemporary Rose Quartz 15&#215;15 a\u00f1ade un toque de delicadeza y modernidad. Su acabado mate, decoraci\u00f3n \u00fanica y superficie antideslizante hacen de esta pieza una elecci\u00f3n perfecta para espacios que desean desafiar las normas establecidas. Es una opci\u00f3n ideal para combinaciones audaces, reflejando un estilo \u00fanico y actual.<\/p>","protected":false},"excerpt":{"rendered":"<p>CONTEMPORARY ROSE QUARTZ 15X15Con su tono rosa suave, el azulejo Contemporary Rose Quartz 15&#215;15 a\u00f1ade un toque de delicadeza y modernidad. Su acabado mate, decoraci\u00f3n \u00fanica y superficie antideslizante hacen de esta pieza una elecci\u00f3n perfecta para espacios que desean desafiar las normas establecidas. Es una opci\u00f3n ideal para combinaciones audaces, reflejando un estilo \u00fanico [&hellip;]<\/p>\n","protected":false},"featured_media":540337,"comment_status":"open","ping_status":"closed","template":"","meta":[],"product_brand":[],"product_cat":[353,354,355,356],"product_tag":[],"class_list":{"0":"post-540349","1":"product","2":"type-product","3":"status-publish","4":"has-post-thumbnail","6":"product_cat-carrelage","7":"product_cat-carrelage-salle-de-bain","8":"product_cat-cuisines","9":"product_cat-faiences","11":"first","12":"instock","13":"shipping-taxable","14":"purchasable","15":"product-type-simple"},"_links":{"self":[{"href":"https:\/\/tilefly.com\/es\/wp-json\/wp\/v2\/product\/540349","targetHints":{"allow":["GET"]}}],"collection":[{"href":"https:\/\/tilefly.com\/es\/wp-json\/wp\/v2\/product"}],"about":[{"href":"https:\/\/tilefly.com\/es\/wp-json\/wp\/v2\/types\/product"}],"replies":[{"embeddable":true,"href":"https:\/\/tilefly.com\/es\/wp-json\/wp\/v2\/comments?post=540349"}],"wp:featuredmedia":[{"embeddable":true,"href":"https:\/\/tilefly.com\/es\/wp-json\/wp\/v2\/media\/540337"}],"wp:attachment":[{"href":"https:\/\/tilefly.com\/es\/wp-json\/wp\/v2\/media?parent=540349"}],"wp:term":[{"taxonomy":"product_brand","embeddable":true,"href":"https:\/\/tilefly.com\/es\/wp-json\/wp\/v2\/product_brand?post=540349"},{"taxonomy":"product_cat","embeddable":true,"href":"https:\/\/tilefly.com\/es\/wp-json\/wp\/v2\/product_cat?post=540349"},{"taxonomy":"product_tag","embeddable":true,"href":"https:\/\/tilefly.com\/es\/wp-json\/wp\/v2\/product_tag?post=540349"}],"curies":[{"name":"wp","href":"https:\/\/api.w.org\/{rel}","templated":true}]}}