{"id":540336,"date":"2024-11-07T03:18:49","date_gmt":"2024-11-07T02:18:49","guid":{"rendered":"https:\/\/tilefly.com\/producto\/contemporary-mineral-grey-15x15\/"},"modified":"2025-10-29T09:16:40","modified_gmt":"2025-10-29T08:16:40","slug":"contemporary-mineral-grey-15x15","status":"publish","type":"product","link":"https:\/\/tilefly.com\/es\/producto\/contemporary-mineral-grey-15x15\/","title":{"rendered":"CONTEMPORARY MINERAL GREY 15X15"},"content":{"rendered":"<h2><strong>CONTEMPORARY MINERAL GREY 15X15<\/strong><\/h2><p>Contemporary Mineral Grey 15&#215;15, en su tono gris elegante, desaf\u00eda los convencionalismos del dise\u00f1o cl\u00e1sico. Su acabado mate y textura antideslizante proporcionan seguridad sin sacrificar estilo. Este pavimento porcel\u00e1nico decorado es una opci\u00f3n vers\u00e1til que se adapta a cualquier combinaci\u00f3n, aportando un toque moderno y sofisticado en cualquier ambiente.<\/p>","protected":false},"excerpt":{"rendered":"<p>CONTEMPORARY MINERAL GREY 15X15Contemporary Mineral Grey 15&#215;15, en su tono gris elegante, desaf\u00eda los convencionalismos del dise\u00f1o cl\u00e1sico. Su acabado mate y textura antideslizante proporcionan seguridad sin sacrificar estilo. Este pavimento porcel\u00e1nico decorado es una opci\u00f3n vers\u00e1til que se adapta a cualquier combinaci\u00f3n, aportando un toque moderno y sofisticado en cualquier ambiente.<\/p>\n","protected":false},"featured_media":540324,"comment_status":"open","ping_status":"closed","template":"","meta":[],"product_brand":[],"product_cat":[353,354,355,356],"product_tag":[],"class_list":{"0":"post-540336","1":"product","2":"type-product","3":"status-publish","4":"has-post-thumbnail","6":"product_cat-carrelage","7":"product_cat-carrelage-salle-de-bain","8":"product_cat-cuisines","9":"product_cat-faiences","11":"first","12":"instock","13":"shipping-taxable","14":"purchasable","15":"product-type-simple"},"_links":{"self":[{"href":"https:\/\/tilefly.com\/es\/wp-json\/wp\/v2\/product\/540336","targetHints":{"allow":["GET"]}}],"collection":[{"href":"https:\/\/tilefly.com\/es\/wp-json\/wp\/v2\/product"}],"about":[{"href":"https:\/\/tilefly.com\/es\/wp-json\/wp\/v2\/types\/product"}],"replies":[{"embeddable":true,"href":"https:\/\/tilefly.com\/es\/wp-json\/wp\/v2\/comments?post=540336"}],"wp:featuredmedia":[{"embeddable":true,"href":"https:\/\/tilefly.com\/es\/wp-json\/wp\/v2\/media\/540324"}],"wp:attachment":[{"href":"https:\/\/tilefly.com\/es\/wp-json\/wp\/v2\/media?parent=540336"}],"wp:term":[{"taxonomy":"product_brand","embeddable":true,"href":"https:\/\/tilefly.com\/es\/wp-json\/wp\/v2\/product_brand?post=540336"},{"taxonomy":"product_cat","embeddable":true,"href":"https:\/\/tilefly.com\/es\/wp-json\/wp\/v2\/product_cat?post=540336"},{"taxonomy":"product_tag","embeddable":true,"href":"https:\/\/tilefly.com\/es\/wp-json\/wp\/v2\/product_tag?post=540336"}],"curies":[{"name":"wp","href":"https:\/\/api.w.org\/{rel}","templated":true}]}}