{"id":540268,"date":"2024-11-07T02:46:54","date_gmt":"2024-11-07T01:46:54","guid":{"rendered":"https:\/\/tilefly.com\/producto\/incision-acquarella-rose-20x20\/"},"modified":"2025-12-11T02:26:19","modified_gmt":"2025-12-11T01:26:19","slug":"incision-acquarella-rose-20x20","status":"publish","type":"product","link":"https:\/\/tilefly.com\/es\/producto\/incision-acquarella-rose-20x20\/","title":{"rendered":"INCISION ACQUARELLA ROSE 20X20"},"content":{"rendered":"<h2><strong>INCISION ACQUARELLA ROSE 20X20<\/strong><\/h2><p>El delicado tono rosa del azulejo Incision Acquarella Rose 20&#215;20 a\u00f1ade encanto y suavidad a cualquier espacio. Sus incisiones crean la ilusi\u00f3n de ser varias piezas peque\u00f1as, aunque se trata de una \u00fanica pieza completa. Fabricado en pasta blanca y con un acabado mate, es perfecto para quienes desean un estilo rom\u00e1ntico y detallado con un toque de artesan\u00eda moderna.<\/p>","protected":false},"excerpt":{"rendered":"<p>INCISION ACQUARELLA ROSE 20X20El delicado tono rosa del azulejo Incision Acquarella Rose 20&#215;20 a\u00f1ade encanto y suavidad a cualquier espacio. Sus incisiones crean la ilusi\u00f3n de ser varias piezas peque\u00f1as, aunque se trata de una \u00fanica pieza completa. Fabricado en pasta blanca y con un acabado mate, es perfecto para quienes desean un estilo rom\u00e1ntico [&hellip;]<\/p>\n","protected":false},"featured_media":540256,"comment_status":"open","ping_status":"closed","template":"","meta":[],"product_brand":[],"product_cat":[305,306,304],"product_tag":[],"class_list":{"0":"post-540268","1":"product","2":"type-product","3":"status-publish","4":"has-post-thumbnail","6":"product_cat-banos","7":"product_cat-cocina","8":"product_cat-revestimiento","10":"first","11":"instock","12":"shipping-taxable","13":"purchasable","14":"product-type-simple"},"_links":{"self":[{"href":"https:\/\/tilefly.com\/es\/wp-json\/wp\/v2\/product\/540268","targetHints":{"allow":["GET"]}}],"collection":[{"href":"https:\/\/tilefly.com\/es\/wp-json\/wp\/v2\/product"}],"about":[{"href":"https:\/\/tilefly.com\/es\/wp-json\/wp\/v2\/types\/product"}],"replies":[{"embeddable":true,"href":"https:\/\/tilefly.com\/es\/wp-json\/wp\/v2\/comments?post=540268"}],"wp:featuredmedia":[{"embeddable":true,"href":"https:\/\/tilefly.com\/es\/wp-json\/wp\/v2\/media\/540256"}],"wp:attachment":[{"href":"https:\/\/tilefly.com\/es\/wp-json\/wp\/v2\/media?parent=540268"}],"wp:term":[{"taxonomy":"product_brand","embeddable":true,"href":"https:\/\/tilefly.com\/es\/wp-json\/wp\/v2\/product_brand?post=540268"},{"taxonomy":"product_cat","embeddable":true,"href":"https:\/\/tilefly.com\/es\/wp-json\/wp\/v2\/product_cat?post=540268"},{"taxonomy":"product_tag","embeddable":true,"href":"https:\/\/tilefly.com\/es\/wp-json\/wp\/v2\/product_tag?post=540268"}],"curies":[{"name":"wp","href":"https:\/\/api.w.org\/{rel}","templated":true}]}}