{"id":540242,"date":"2024-11-07T02:46:49","date_gmt":"2024-11-07T01:46:49","guid":{"rendered":"https:\/\/tilefly.com\/producto\/incision-acquarella-ivory-20x20\/"},"modified":"2025-12-11T02:26:43","modified_gmt":"2025-12-11T01:26:43","slug":"incision-acquarella-ivory-20x20","status":"publish","type":"product","link":"https:\/\/tilefly.com\/es\/producto\/incision-acquarella-ivory-20x20\/","title":{"rendered":"INCISION ACQUARELLA IVORY 20X20"},"content":{"rendered":"<h2><strong>INCISION ACQUARELLA IVORY 20X20<\/strong><\/h2><p>El tono marfil del azulejo Incision Acquarella Ivory 20&#215;20 aporta calidez y un estilo refinado. Con un dise\u00f1o de incisiones que simula varias piezas peque\u00f1as, esta sola pieza completa ofrece un aspecto artesanal y \u00fanico. Fabricado en pasta blanca con un acabado mate, es perfecto para quienes desean un ambiente acogedor y lleno de detalles en su decoraci\u00f3n.<\/p>","protected":false},"excerpt":{"rendered":"<p>INCISION ACQUARELLA IVORY 20X20El tono marfil del azulejo Incision Acquarella Ivory 20&#215;20 aporta calidez y un estilo refinado. Con un dise\u00f1o de incisiones que simula varias piezas peque\u00f1as, esta sola pieza completa ofrece un aspecto artesanal y \u00fanico. Fabricado en pasta blanca con un acabado mate, es perfecto para quienes desean un ambiente acogedor y [&hellip;]<\/p>\n","protected":false},"featured_media":540230,"comment_status":"open","ping_status":"closed","template":"","meta":[],"product_brand":[],"product_cat":[305,306,304],"product_tag":[],"class_list":{"0":"post-540242","1":"product","2":"type-product","3":"status-publish","4":"has-post-thumbnail","6":"product_cat-banos","7":"product_cat-cocina","8":"product_cat-revestimiento","10":"first","11":"instock","12":"shipping-taxable","13":"purchasable","14":"product-type-simple"},"_links":{"self":[{"href":"https:\/\/tilefly.com\/es\/wp-json\/wp\/v2\/product\/540242","targetHints":{"allow":["GET"]}}],"collection":[{"href":"https:\/\/tilefly.com\/es\/wp-json\/wp\/v2\/product"}],"about":[{"href":"https:\/\/tilefly.com\/es\/wp-json\/wp\/v2\/types\/product"}],"replies":[{"embeddable":true,"href":"https:\/\/tilefly.com\/es\/wp-json\/wp\/v2\/comments?post=540242"}],"wp:featuredmedia":[{"embeddable":true,"href":"https:\/\/tilefly.com\/es\/wp-json\/wp\/v2\/media\/540230"}],"wp:attachment":[{"href":"https:\/\/tilefly.com\/es\/wp-json\/wp\/v2\/media?parent=540242"}],"wp:term":[{"taxonomy":"product_brand","embeddable":true,"href":"https:\/\/tilefly.com\/es\/wp-json\/wp\/v2\/product_brand?post=540242"},{"taxonomy":"product_cat","embeddable":true,"href":"https:\/\/tilefly.com\/es\/wp-json\/wp\/v2\/product_cat?post=540242"},{"taxonomy":"product_tag","embeddable":true,"href":"https:\/\/tilefly.com\/es\/wp-json\/wp\/v2\/product_tag?post=540242"}],"curies":[{"name":"wp","href":"https:\/\/api.w.org\/{rel}","templated":true}]}}