{"id":540086,"date":"2024-11-07T02:36:23","date_gmt":"2024-11-07T01:36:23","guid":{"rendered":"https:\/\/tilefly.com\/producto\/acquarella-white-75x30\/"},"modified":"2025-12-11T02:30:05","modified_gmt":"2025-12-11T01:30:05","slug":"acquarella-white-75x30","status":"publish","type":"product","link":"https:\/\/tilefly.com\/es\/producto\/acquarella-white-75x30\/","title":{"rendered":"ACQUARELLA WHITE 7,5X30"},"content":{"rendered":"<h2><strong>ACQUARELLA WHITE 7,5X30<\/strong><\/h2><p>El azulejo Acquarella White 7,5&#215;30 combina la pureza del blanco con la calidez de la cer\u00e1mica de pasta blanca. Su acabado mate resalta la textura natural de la serie, que rinde homenaje a la tradici\u00f3n artesanal. Perfecto para quienes buscan un toque contempor\u00e1neo en sus proyectos, su formato compacto permite m\u00faltiples configuraciones, ofreciendo versatilidad y elegancia en cualquier espacio.<\/p>","protected":false},"excerpt":{"rendered":"<p>ACQUARELLA WHITE 7,5X30El azulejo Acquarella White 7,5&#215;30 combina la pureza del blanco con la calidez de la cer\u00e1mica de pasta blanca. Su acabado mate resalta la textura natural de la serie, que rinde homenaje a la tradici\u00f3n artesanal. Perfecto para quienes buscan un toque contempor\u00e1neo en sus proyectos, su formato compacto permite m\u00faltiples configuraciones, ofreciendo [&hellip;]<\/p>\n","protected":false},"featured_media":540074,"comment_status":"open","ping_status":"closed","template":"","meta":[],"product_brand":[],"product_cat":[305,306,304],"product_tag":[],"class_list":{"0":"post-540086","1":"product","2":"type-product","3":"status-publish","4":"has-post-thumbnail","6":"product_cat-banos","7":"product_cat-cocina","8":"product_cat-revestimiento","10":"first","11":"instock","12":"shipping-taxable","13":"purchasable","14":"product-type-simple"},"_links":{"self":[{"href":"https:\/\/tilefly.com\/es\/wp-json\/wp\/v2\/product\/540086","targetHints":{"allow":["GET"]}}],"collection":[{"href":"https:\/\/tilefly.com\/es\/wp-json\/wp\/v2\/product"}],"about":[{"href":"https:\/\/tilefly.com\/es\/wp-json\/wp\/v2\/types\/product"}],"replies":[{"embeddable":true,"href":"https:\/\/tilefly.com\/es\/wp-json\/wp\/v2\/comments?post=540086"}],"wp:featuredmedia":[{"embeddable":true,"href":"https:\/\/tilefly.com\/es\/wp-json\/wp\/v2\/media\/540074"}],"wp:attachment":[{"href":"https:\/\/tilefly.com\/es\/wp-json\/wp\/v2\/media?parent=540086"}],"wp:term":[{"taxonomy":"product_brand","embeddable":true,"href":"https:\/\/tilefly.com\/es\/wp-json\/wp\/v2\/product_brand?post=540086"},{"taxonomy":"product_cat","embeddable":true,"href":"https:\/\/tilefly.com\/es\/wp-json\/wp\/v2\/product_cat?post=540086"},{"taxonomy":"product_tag","embeddable":true,"href":"https:\/\/tilefly.com\/es\/wp-json\/wp\/v2\/product_tag?post=540086"}],"curies":[{"name":"wp","href":"https:\/\/api.w.org\/{rel}","templated":true}]}}