{"id":529504,"date":"2024-07-31T18:45:12","date_gmt":"2024-07-31T16:45:12","guid":{"rendered":"https:\/\/tilefly.com\/producto\/sakhir-multi-natural-mt-60x60\/"},"modified":"2024-07-31T18:45:12","modified_gmt":"2024-07-31T16:45:12","slug":"sakhir-multi-natural-mt-60x60","status":"publish","type":"product","link":"https:\/\/tilefly.com\/es\/producto\/sakhir-multi-natural-mt-60x60\/","title":{"rendered":"SAKHIR MULTI NATURAL MT 60X60"},"content":{"rendered":"<h1><strong>Azulejo Porcel\u00e1nico Esmaltado Sakhir Multi Natural Mate 60X60<\/strong><\/h1><p>Este azulejo de la serie Sakhir Multi en formato 60X60 es un Porcel\u00e1nico Esmaltado de color Marr\u00f3n en acabado Mate. Su aspecto natural a\u00f1ade calidez y autenticidad a los espacios.<\/p>","protected":false},"excerpt":{"rendered":"<p>Azulejo Porcel\u00e1nico Esmaltado Sakhir Multi Natural Mate 60X60Este azulejo de la serie Sakhir Multi en formato 60X60 es un Porcel\u00e1nico Esmaltado de color Marr\u00f3n en acabado Mate. Su aspecto natural a\u00f1ade calidez y autenticidad a los espacios.<\/p>\n","protected":false},"featured_media":529492,"comment_status":"open","ping_status":"closed","template":"","meta":[],"product_brand":[],"product_cat":[303,305,306,304],"product_tag":[],"class_list":{"0":"post-529504","1":"product","2":"type-product","3":"status-publish","4":"has-post-thumbnail","6":"product_cat-baldosas","7":"product_cat-banos","8":"product_cat-cocina","9":"product_cat-revestimiento","11":"first","12":"instock","13":"shipping-taxable","14":"purchasable","15":"product-type-simple"},"_links":{"self":[{"href":"https:\/\/tilefly.com\/es\/wp-json\/wp\/v2\/product\/529504","targetHints":{"allow":["GET"]}}],"collection":[{"href":"https:\/\/tilefly.com\/es\/wp-json\/wp\/v2\/product"}],"about":[{"href":"https:\/\/tilefly.com\/es\/wp-json\/wp\/v2\/types\/product"}],"replies":[{"embeddable":true,"href":"https:\/\/tilefly.com\/es\/wp-json\/wp\/v2\/comments?post=529504"}],"wp:featuredmedia":[{"embeddable":true,"href":"https:\/\/tilefly.com\/es\/wp-json\/wp\/v2\/media\/529492"}],"wp:attachment":[{"href":"https:\/\/tilefly.com\/es\/wp-json\/wp\/v2\/media?parent=529504"}],"wp:term":[{"taxonomy":"product_brand","embeddable":true,"href":"https:\/\/tilefly.com\/es\/wp-json\/wp\/v2\/product_brand?post=529504"},{"taxonomy":"product_cat","embeddable":true,"href":"https:\/\/tilefly.com\/es\/wp-json\/wp\/v2\/product_cat?post=529504"},{"taxonomy":"product_tag","embeddable":true,"href":"https:\/\/tilefly.com\/es\/wp-json\/wp\/v2\/product_tag?post=529504"}],"curies":[{"name":"wp","href":"https:\/\/api.w.org\/{rel}","templated":true}]}}