{"id":527711,"date":"2024-05-06T02:46:53","date_gmt":"2024-05-06T00:46:53","guid":{"rendered":"https:\/\/tilefly.com\/producto\/anti-slip-koen-cenere-matt-rect-20x120\/"},"modified":"2024-05-06T02:46:53","modified_gmt":"2024-05-06T00:46:53","slug":"anti-slip-koen-cenere-matt-rect-20x120","status":"publish","type":"product","link":"https:\/\/tilefly.com\/es\/producto\/anti-slip-koen-cenere-matt-rect-20x120\/","title":{"rendered":"ANTI-SLIP KOEN CENERE MATT RECT 20X120"},"content":{"rendered":"<p>Imitation bois de la s\u00e9rie Koen, en gr\u00e8s c\u00e9rame tr\u00e8s r\u00e9sistant.<\/p>","protected":false},"excerpt":{"rendered":"<p>Imitation bois de la s\u00e9rie Koen, en gr\u00e8s c\u00e9rame tr\u00e8s r\u00e9sistant.<\/p>\n","protected":false},"featured_media":0,"comment_status":"open","ping_status":"closed","template":"","meta":[],"product_brand":[],"product_cat":[],"product_tag":[],"class_list":{"0":"post-527711","1":"product","2":"type-product","3":"status-publish","6":"first","7":"instock","8":"shipping-taxable","9":"purchasable","10":"product-type-simple"},"_links":{"self":[{"href":"https:\/\/tilefly.com\/es\/wp-json\/wp\/v2\/product\/527711","targetHints":{"allow":["GET"]}}],"collection":[{"href":"https:\/\/tilefly.com\/es\/wp-json\/wp\/v2\/product"}],"about":[{"href":"https:\/\/tilefly.com\/es\/wp-json\/wp\/v2\/types\/product"}],"replies":[{"embeddable":true,"href":"https:\/\/tilefly.com\/es\/wp-json\/wp\/v2\/comments?post=527711"}],"wp:attachment":[{"href":"https:\/\/tilefly.com\/es\/wp-json\/wp\/v2\/media?parent=527711"}],"wp:term":[{"taxonomy":"product_brand","embeddable":true,"href":"https:\/\/tilefly.com\/es\/wp-json\/wp\/v2\/product_brand?post=527711"},{"taxonomy":"product_cat","embeddable":true,"href":"https:\/\/tilefly.com\/es\/wp-json\/wp\/v2\/product_cat?post=527711"},{"taxonomy":"product_tag","embeddable":true,"href":"https:\/\/tilefly.com\/es\/wp-json\/wp\/v2\/product_tag?post=527711"}],"curies":[{"name":"wp","href":"https:\/\/api.w.org\/{rel}","templated":true}]}}