{"id":526130,"date":"2024-01-26T17:06:19","date_gmt":"2024-01-26T16:06:19","guid":{"rendered":"https:\/\/tilefly.com\/producto\/blaze-natural-mt-23x120-rect\/"},"modified":"2026-03-14T04:00:48","modified_gmt":"2026-03-14T03:00:48","slug":"blaze-natural-mt-23x120-rect","status":"publish","type":"product","link":"https:\/\/tilefly.com\/es\/producto\/blaze-natural-mt-23x120-rect\/","title":{"rendered":"BLAZE NATURAL MT 23X120 RECT"},"content":{"rendered":"<h1><strong>Azulejo Porcel\u00e1nico Esmaltado BLAZE NATURAL MT 23X120 RECT<\/strong><\/h1><p>Este azulejo de la serie BLAZE en formato 23X120 es un azulejo Porcel\u00e1nico Esmaltado de color Natural en acabado Mate<\/p><h2>BLAZE NATURAL MT 23X120 RECT<\/h2><p>El azulejo BLAZE NATURAL MT 23X120 RECT captura la belleza de la madera natural con su acabado mate y color natural. Ideal para interiores, este azulejo porcel\u00e1nico ofrece una est\u00e9tica c\u00e1lida y serena. El formato rectificado aporta un aspecto contempor\u00e1neo y limpio a tus espacios.<\/p>","protected":false},"excerpt":{"rendered":"<p>Azulejo Porcel\u00e1nico Esmaltado BLAZE NATURAL MT 23X120 RECTEste azulejo de la serie BLAZE en formato 23X120 es un azulejo Porcel\u00e1nico Esmaltado de color Natural en acabado MateBLAZE NATURAL MT 23X120 RECTEl azulejo BLAZE NATURAL MT 23X120 RECT captura la belleza de la madera natural con su acabado mate y color natural. Ideal para interiores, este [&hellip;]<\/p>\n","protected":false},"featured_media":526118,"comment_status":"open","ping_status":"closed","template":"","meta":[],"product_brand":[],"product_cat":[561,562,563,564],"product_tag":[],"class_list":{"0":"post-526130","1":"product","2":"type-product","3":"status-publish","4":"has-post-thumbnail","6":"product_cat-vloertegels","7":"product_cat-badkamer-tegels","8":"product_cat-keuken-tegel","9":"product_cat-wandtegels","11":"first","12":"outofstock","13":"shipping-taxable","14":"purchasable","15":"product-type-simple"},"_links":{"self":[{"href":"https:\/\/tilefly.com\/es\/wp-json\/wp\/v2\/product\/526130","targetHints":{"allow":["GET"]}}],"collection":[{"href":"https:\/\/tilefly.com\/es\/wp-json\/wp\/v2\/product"}],"about":[{"href":"https:\/\/tilefly.com\/es\/wp-json\/wp\/v2\/types\/product"}],"replies":[{"embeddable":true,"href":"https:\/\/tilefly.com\/es\/wp-json\/wp\/v2\/comments?post=526130"}],"wp:featuredmedia":[{"embeddable":true,"href":"https:\/\/tilefly.com\/es\/wp-json\/wp\/v2\/media\/526118"}],"wp:attachment":[{"href":"https:\/\/tilefly.com\/es\/wp-json\/wp\/v2\/media?parent=526130"}],"wp:term":[{"taxonomy":"product_brand","embeddable":true,"href":"https:\/\/tilefly.com\/es\/wp-json\/wp\/v2\/product_brand?post=526130"},{"taxonomy":"product_cat","embeddable":true,"href":"https:\/\/tilefly.com\/es\/wp-json\/wp\/v2\/product_cat?post=526130"},{"taxonomy":"product_tag","embeddable":true,"href":"https:\/\/tilefly.com\/es\/wp-json\/wp\/v2\/product_tag?post=526130"}],"curies":[{"name":"wp","href":"https:\/\/api.w.org\/{rel}","templated":true}]}}