{"id":526104,"date":"2024-01-26T17:05:45","date_gmt":"2024-01-26T16:05:45","guid":{"rendered":"https:\/\/tilefly.com\/producto\/blaze-roble-mt-23x120-rect\/"},"modified":"2026-03-26T04:01:35","modified_gmt":"2026-03-26T03:01:35","slug":"blaze-roble-mt-23x120-rect","status":"publish","type":"product","link":"https:\/\/tilefly.com\/es\/producto\/blaze-roble-mt-23x120-rect\/","title":{"rendered":"BLAZE ROBLE MT 23X120 RECT"},"content":{"rendered":"<h1><strong>Azulejo Porcel\u00e1nico Esmaltado BLAZE ROBLE MT 23X120 RECT<\/strong><\/h1><p>Este azulejo de la serie BLAZE en formato 23X120 es un azulejo Porcel\u00e1nico Esmaltado de color Roble en acabado Mate<\/p><h2>BLAZE ROBLE MT 23X120 RECT<\/h2><p>El azulejo BLAZE ROBLE MT 23X120 RECT es una opci\u00f3n sofisticada con su acabado mate y color roble. Aporta la belleza de la madera a tus espacios, sin renunciar a la resistencia del porcel\u00e1nico. Ideal para interiores, su formato rectificado le da un aspecto contempor\u00e1neo y limpio.<\/p>","protected":false},"excerpt":{"rendered":"<p>Azulejo Porcel\u00e1nico Esmaltado BLAZE ROBLE MT 23X120 RECTEste azulejo de la serie BLAZE en formato 23X120 es un azulejo Porcel\u00e1nico Esmaltado de color Roble en acabado MateBLAZE ROBLE MT 23X120 RECTEl azulejo BLAZE ROBLE MT 23X120 RECT es una opci\u00f3n sofisticada con su acabado mate y color roble. Aporta la belleza de la madera a [&hellip;]<\/p>\n","protected":false},"featured_media":526092,"comment_status":"open","ping_status":"closed","template":"","meta":[],"product_brand":[],"product_cat":[561,562,563,564],"product_tag":[],"class_list":{"0":"post-526104","1":"product","2":"type-product","3":"status-publish","4":"has-post-thumbnail","6":"product_cat-vloertegels","7":"product_cat-badkamer-tegels","8":"product_cat-keuken-tegel","9":"product_cat-wandtegels","11":"first","12":"instock","13":"shipping-taxable","14":"purchasable","15":"product-type-simple"},"_links":{"self":[{"href":"https:\/\/tilefly.com\/es\/wp-json\/wp\/v2\/product\/526104","targetHints":{"allow":["GET"]}}],"collection":[{"href":"https:\/\/tilefly.com\/es\/wp-json\/wp\/v2\/product"}],"about":[{"href":"https:\/\/tilefly.com\/es\/wp-json\/wp\/v2\/types\/product"}],"replies":[{"embeddable":true,"href":"https:\/\/tilefly.com\/es\/wp-json\/wp\/v2\/comments?post=526104"}],"wp:featuredmedia":[{"embeddable":true,"href":"https:\/\/tilefly.com\/es\/wp-json\/wp\/v2\/media\/526092"}],"wp:attachment":[{"href":"https:\/\/tilefly.com\/es\/wp-json\/wp\/v2\/media?parent=526104"}],"wp:term":[{"taxonomy":"product_brand","embeddable":true,"href":"https:\/\/tilefly.com\/es\/wp-json\/wp\/v2\/product_brand?post=526104"},{"taxonomy":"product_cat","embeddable":true,"href":"https:\/\/tilefly.com\/es\/wp-json\/wp\/v2\/product_cat?post=526104"},{"taxonomy":"product_tag","embeddable":true,"href":"https:\/\/tilefly.com\/es\/wp-json\/wp\/v2\/product_tag?post=526104"}],"curies":[{"name":"wp","href":"https:\/\/api.w.org\/{rel}","templated":true}]}}