{"id":526069,"date":"2024-01-20T15:34:41","date_gmt":"2024-01-20T14:34:41","guid":{"rendered":"https:\/\/tilefly.com\/?post_type=product&#038;p=526069"},"modified":"2025-04-14T13:56:04","modified_gmt":"2025-04-14T11:56:04","slug":"caliope","status":"publish","type":"product","link":"https:\/\/tilefly.com\/es\/producto\/caliope\/","title":{"rendered":"CALIOPE"},"content":{"rendered":"<div class=\"bloque container\"><h1>Serie Caliope<\/h1><p>Donde la excelencia en dise\u00f1o y funcionalidad se encuentran. Descubre nuestra amplia gama de azulejos de gres porcel\u00e1nico que redefine la elegancia en revestimientos. Desde los tonos suaves y naturales de Beige y Natural hasta la pureza de White y la sofisticaci\u00f3n de Pearl, la serie Caliope ofrece una paleta vers\u00e1til para cualquier proyecto. Explora diferentes formatos, desde los cl\u00e1sicos 30&#215;60, 60&#215;60 y 60&#215;120 hasta opciones especiales como el espesorado de 20mm caliope y el pulido para un toque de lujo. Encuentra la combinaci\u00f3n perfecta de estilo y resistencia para tus espacios con caliope, ya sea en interiores o exteriores.<\/p><\/p><\/div>","protected":false},"excerpt":{"rendered":"","protected":false},"featured_media":525971,"comment_status":"closed","ping_status":"closed","template":"","meta":[],"product_brand":[],"product_cat":[303,305,306,304,307],"product_tag":[],"class_list":{"0":"post-526069","1":"product","2":"type-product","3":"status-publish","4":"has-post-thumbnail","6":"product_cat-baldosas","7":"product_cat-banos","8":"product_cat-cocina","9":"product_cat-revestimiento","10":"product_cat-salon","12":"first","13":"instock","14":"shipping-taxable","15":"product-type-grouped"},"_links":{"self":[{"href":"https:\/\/tilefly.com\/es\/wp-json\/wp\/v2\/product\/526069","targetHints":{"allow":["GET"]}}],"collection":[{"href":"https:\/\/tilefly.com\/es\/wp-json\/wp\/v2\/product"}],"about":[{"href":"https:\/\/tilefly.com\/es\/wp-json\/wp\/v2\/types\/product"}],"replies":[{"embeddable":true,"href":"https:\/\/tilefly.com\/es\/wp-json\/wp\/v2\/comments?post=526069"}],"wp:featuredmedia":[{"embeddable":true,"href":"https:\/\/tilefly.com\/es\/wp-json\/wp\/v2\/media\/525971"}],"wp:attachment":[{"href":"https:\/\/tilefly.com\/es\/wp-json\/wp\/v2\/media?parent=526069"}],"wp:term":[{"taxonomy":"product_brand","embeddable":true,"href":"https:\/\/tilefly.com\/es\/wp-json\/wp\/v2\/product_brand?post=526069"},{"taxonomy":"product_cat","embeddable":true,"href":"https:\/\/tilefly.com\/es\/wp-json\/wp\/v2\/product_cat?post=526069"},{"taxonomy":"product_tag","embeddable":true,"href":"https:\/\/tilefly.com\/es\/wp-json\/wp\/v2\/product_tag?post=526069"}],"curies":[{"name":"wp","href":"https:\/\/api.w.org\/{rel}","templated":true}]}}