{"id":525873,"date":"2024-01-20T15:29:36","date_gmt":"2024-01-20T14:29:36","guid":{"rendered":"https:\/\/tilefly.com\/producto\/caliope-beige-mt-60x60-rect-inout\/"},"modified":"2026-02-11T04:00:53","modified_gmt":"2026-02-11T03:00:53","slug":"caliope-beige-mt-60x60-rect-inout","status":"publish","type":"product","link":"https:\/\/tilefly.com\/es\/producto\/caliope-beige-mt-60x60-rect-inout\/","title":{"rendered":"CALIOPE BEIGE MT 60X60 RECT INOUT"},"content":{"rendered":"<h1><strong>Azulejo Porcel\u00e1nico Esmaltado CALIOPE BEIGE MT 60X60 RECT INOUT<\/strong><\/h1><p>Este azulejo de la serie CALIOPE en formato 60X60 es un azulejo Porcel\u00e1nico Esmaltado de color Beige en acabado Mate<\/p><p>+&#8217;<\/p><p>Este azulejo cuenta con tecnologia INOUT, una caracteristica del material que lo hace de tacto suave y a su vez es un antideslizante entre C2-C3 y R10-R11, ideal para la instalaci\u00f3n dentro y fuera de la casa.<\/p><p>n&#8217;<\/p><h2 id=\"caliope-beige-mt-60x60-rect-inout\">CALIOPE BEIGE MT 60X60 RECT INOUT<\/h2><p>El azulejo Caliope Beige MT de 60&#215;60 cm RECT INOUT aporta una dimensi\u00f3n de calidez y elegancia a cualquier espacio. Con su acabado mate y un tono beige suave, este azulejo es ideal para crear ambientes acogedores y refinados. Su formato m\u00e1s grande proporciona una sensaci\u00f3n de continuidad y amplitud. Dise\u00f1ado para resistir el uso intensivo tanto en interiores como en exteriores, este modelo incluye un acabado antideslizante C3\/R10, asegurando seguridad y durabilidad.<\/p>","protected":false},"excerpt":{"rendered":"<p>Azulejo Porcel\u00e1nico Esmaltado CALIOPE BEIGE MT 60X60 RECT INOUTEste azulejo de la serie CALIOPE en formato 60X60 es un azulejo Porcel\u00e1nico Esmaltado de color Beige en acabado Mate+&#8217;Este azulejo cuenta con tecnologia INOUT, una caracteristica del material que lo hace de tacto suave y a su vez es un antideslizante entre C2-C3 y R10-R11, ideal [&hellip;]<\/p>\n","protected":false},"featured_media":525861,"comment_status":"open","ping_status":"closed","template":"","meta":[],"product_brand":[],"product_cat":[561,562,563,564],"product_tag":[],"class_list":{"0":"post-525873","1":"product","2":"type-product","3":"status-publish","4":"has-post-thumbnail","6":"product_cat-vloertegels","7":"product_cat-badkamer-tegels","8":"product_cat-keuken-tegel","9":"product_cat-wandtegels","11":"first","12":"instock","13":"shipping-taxable","14":"purchasable","15":"product-type-simple"},"_links":{"self":[{"href":"https:\/\/tilefly.com\/es\/wp-json\/wp\/v2\/product\/525873","targetHints":{"allow":["GET"]}}],"collection":[{"href":"https:\/\/tilefly.com\/es\/wp-json\/wp\/v2\/product"}],"about":[{"href":"https:\/\/tilefly.com\/es\/wp-json\/wp\/v2\/types\/product"}],"replies":[{"embeddable":true,"href":"https:\/\/tilefly.com\/es\/wp-json\/wp\/v2\/comments?post=525873"}],"wp:featuredmedia":[{"embeddable":true,"href":"https:\/\/tilefly.com\/es\/wp-json\/wp\/v2\/media\/525861"}],"wp:attachment":[{"href":"https:\/\/tilefly.com\/es\/wp-json\/wp\/v2\/media?parent=525873"}],"wp:term":[{"taxonomy":"product_brand","embeddable":true,"href":"https:\/\/tilefly.com\/es\/wp-json\/wp\/v2\/product_brand?post=525873"},{"taxonomy":"product_cat","embeddable":true,"href":"https:\/\/tilefly.com\/es\/wp-json\/wp\/v2\/product_cat?post=525873"},{"taxonomy":"product_tag","embeddable":true,"href":"https:\/\/tilefly.com\/es\/wp-json\/wp\/v2\/product_tag?post=525873"}],"curies":[{"name":"wp","href":"https:\/\/api.w.org\/{rel}","templated":true}]}}