{"id":524783,"date":"2023-09-06T09:21:00","date_gmt":"2023-09-06T07:21:00","guid":{"rendered":"https:\/\/tilefly.com\/?post_type=product&#038;p=524783"},"modified":"2025-10-29T09:16:20","modified_gmt":"2025-10-29T08:16:20","slug":"peldano-recto-pierre-de-bali-c3-mix-33x33","status":"publish","type":"product","link":"https:\/\/tilefly.com\/es\/producto\/peldano-recto-pierre-de-bali-c3-mix-33x33\/","title":{"rendered":"PELDA\u00d1O RECTO PIERRE DE BALI C3 MIX 33X33"},"content":{"rendered":"<p>Pierre de Bali reproduce una piedra original de la isla del sudeste asi\u00e1tico que aporta serenidad y nos ayuda a integrarnos con la naturaleza, dotando a cualquier zona de nuestro hogar de identidad propia.<br \/>Elegante y ex\u00f3tica, esta colecci\u00f3n tiene una serie espec\u00edfica para exteriores y piscina.<\/p>","protected":false},"excerpt":{"rendered":"<p>Pierre de Bali reproduce una piedra original de la isla del sudeste asi\u00e1tico que aporta serenidad y nos ayuda a integrarnos con la naturaleza, dotando a cualquier zona de nuestro hogar de identidad propia.Elegante y ex\u00f3tica, esta colecci\u00f3n tiene una serie espec\u00edfica para exteriores y piscina.<\/p>\n","protected":false},"featured_media":524784,"comment_status":"closed","ping_status":"closed","template":"","meta":[],"product_brand":[],"product_cat":[302],"product_tag":[],"class_list":{"0":"post-524783","1":"product","2":"type-product","3":"status-publish","4":"has-post-thumbnail","6":"product_cat-sin-categorizar","8":"first","9":"instock","10":"shipping-taxable","11":"purchasable","12":"product-type-simple"},"_links":{"self":[{"href":"https:\/\/tilefly.com\/es\/wp-json\/wp\/v2\/product\/524783","targetHints":{"allow":["GET"]}}],"collection":[{"href":"https:\/\/tilefly.com\/es\/wp-json\/wp\/v2\/product"}],"about":[{"href":"https:\/\/tilefly.com\/es\/wp-json\/wp\/v2\/types\/product"}],"replies":[{"embeddable":true,"href":"https:\/\/tilefly.com\/es\/wp-json\/wp\/v2\/comments?post=524783"}],"wp:featuredmedia":[{"embeddable":true,"href":"https:\/\/tilefly.com\/es\/wp-json\/wp\/v2\/media\/524784"}],"wp:attachment":[{"href":"https:\/\/tilefly.com\/es\/wp-json\/wp\/v2\/media?parent=524783"}],"wp:term":[{"taxonomy":"product_brand","embeddable":true,"href":"https:\/\/tilefly.com\/es\/wp-json\/wp\/v2\/product_brand?post=524783"},{"taxonomy":"product_cat","embeddable":true,"href":"https:\/\/tilefly.com\/es\/wp-json\/wp\/v2\/product_cat?post=524783"},{"taxonomy":"product_tag","embeddable":true,"href":"https:\/\/tilefly.com\/es\/wp-json\/wp\/v2\/product_tag?post=524783"}],"curies":[{"name":"wp","href":"https:\/\/api.w.org\/{rel}","templated":true}]}}