{"id":524282,"date":"2023-06-08T20:37:51","date_gmt":"2023-06-08T18:37:51","guid":{"rendered":"https:\/\/tilefly.com\/producto\/crisp-xl-white-mt-60x60-rect\/"},"modified":"2026-02-11T04:00:53","modified_gmt":"2026-02-11T03:00:53","slug":"crisp-xl-white-mt-60x60-rect","status":"publish","type":"product","link":"https:\/\/tilefly.com\/es\/producto\/crisp-xl-white-mt-60x60-rect\/","title":{"rendered":"Crisp Xl White Mt 60X60 Rect"},"content":{"rendered":"<h1><strong>Azulejo Porcel\u00e1nico Esmaltado CRISP XL WHITE MT 60X60 RECT<\/strong><\/h1><p>Este azulejo de la serie CRISP en formato 60X60 es un azulejo Porcel\u00e1nico Esmaltado de color Blanco en acabado Mate<\/p><h2>Serie Crisp<\/h2><p> <a href=\"https:\/\/tilefly.com\/producto\/crisp\/\">Crisp<\/a> es una colecci\u00f3n inspirada en el terrazo granulado de grandes piedras incustradas dando ese toque novedoso al estilo tan amado del terrazo tradicional. Viene en 3 colores inspiradores, alegres y fuertes para poder resaltar el aspecto de su belleza. <\/p>","protected":false},"excerpt":{"rendered":"<p>Azulejo Porcel\u00e1nico Esmaltado CRISP XL WHITE MT 60X60 RECTEste azulejo de la serie CRISP en formato 60X60 es un azulejo Porcel\u00e1nico Esmaltado de color Blanco en acabado MateSerie Crisp Crisp es una colecci\u00f3n inspirada en el terrazo granulado de grandes piedras incustradas dando ese toque novedoso al estilo tan amado del terrazo tradicional. Viene en [&hellip;]<\/p>\n","protected":false},"featured_media":524270,"comment_status":"open","ping_status":"closed","template":"","meta":[],"product_brand":[],"product_cat":[302],"product_tag":[],"class_list":{"0":"post-524282","1":"product","2":"type-product","3":"status-publish","4":"has-post-thumbnail","6":"product_cat-sin-categorizar","8":"first","9":"instock","10":"shipping-taxable","11":"purchasable","12":"product-type-simple"},"_links":{"self":[{"href":"https:\/\/tilefly.com\/es\/wp-json\/wp\/v2\/product\/524282","targetHints":{"allow":["GET"]}}],"collection":[{"href":"https:\/\/tilefly.com\/es\/wp-json\/wp\/v2\/product"}],"about":[{"href":"https:\/\/tilefly.com\/es\/wp-json\/wp\/v2\/types\/product"}],"replies":[{"embeddable":true,"href":"https:\/\/tilefly.com\/es\/wp-json\/wp\/v2\/comments?post=524282"}],"wp:featuredmedia":[{"embeddable":true,"href":"https:\/\/tilefly.com\/es\/wp-json\/wp\/v2\/media\/524270"}],"wp:attachment":[{"href":"https:\/\/tilefly.com\/es\/wp-json\/wp\/v2\/media?parent=524282"}],"wp:term":[{"taxonomy":"product_brand","embeddable":true,"href":"https:\/\/tilefly.com\/es\/wp-json\/wp\/v2\/product_brand?post=524282"},{"taxonomy":"product_cat","embeddable":true,"href":"https:\/\/tilefly.com\/es\/wp-json\/wp\/v2\/product_cat?post=524282"},{"taxonomy":"product_tag","embeddable":true,"href":"https:\/\/tilefly.com\/es\/wp-json\/wp\/v2\/product_tag?post=524282"}],"curies":[{"name":"wp","href":"https:\/\/api.w.org\/{rel}","templated":true}]}}