{"id":524230,"date":"2023-06-08T20:37:18","date_gmt":"2023-06-08T18:37:18","guid":{"rendered":"https:\/\/tilefly.com\/producto\/crisp-beige-60x120-rect-pulido\/"},"modified":"2025-05-28T00:46:14","modified_gmt":"2025-05-27T22:46:14","slug":"crisp-beige-60x120-rect-pulido","status":"publish","type":"product","link":"https:\/\/tilefly.com\/es\/producto\/crisp-beige-60x120-rect-pulido\/","title":{"rendered":"Crisp Beige 60X120 Rect Pulido"},"content":{"rendered":"<h1><strong>Azulejo Porcel\u00e1nico Esmaltado CRISP BEIGE 60X120 RECT PULIDO<\/strong><\/h1><p>Este azulejo de la serie CRISP en formato 60X120 es un azulejo Porcel\u00e1nico Esmaltado de color Beige en acabado Pulido<\/p><h2>Serie Crisp<\/h2><p> <a href=\"https:\/\/tilefly.com\/producto\/crisp\/\">Crisp<\/a> es una colecci\u00f3n inspirada en el terrazo granulado de grandes piedras incustradas dando ese toque novedoso al estilo tan amado del terrazo tradicional. Viene en 3 colores inspiradores, alegres y fuertes para poder resaltar el aspecto de su belleza. <\/p>","protected":false},"excerpt":{"rendered":"<p>Azulejo Porcel\u00e1nico Esmaltado CRISP BEIGE 60X120 RECT PULIDOEste azulejo de la serie CRISP en formato 60X120 es un azulejo Porcel\u00e1nico Esmaltado de color Beige en acabado PulidoSerie Crisp Crisp es una colecci\u00f3n inspirada en el terrazo granulado de grandes piedras incustradas dando ese toque novedoso al estilo tan amado del terrazo tradicional. Viene en 3 [&hellip;]<\/p>\n","protected":false},"featured_media":524218,"comment_status":"open","ping_status":"closed","template":"","meta":[],"product_brand":[],"product_cat":[303,305,306,304],"product_tag":[],"class_list":{"0":"post-524230","1":"product","2":"type-product","3":"status-publish","4":"has-post-thumbnail","6":"product_cat-baldosas","7":"product_cat-banos","8":"product_cat-cocina","9":"product_cat-revestimiento","11":"first","12":"outofstock","13":"shipping-taxable","14":"purchasable","15":"product-type-simple"},"_links":{"self":[{"href":"https:\/\/tilefly.com\/es\/wp-json\/wp\/v2\/product\/524230","targetHints":{"allow":["GET"]}}],"collection":[{"href":"https:\/\/tilefly.com\/es\/wp-json\/wp\/v2\/product"}],"about":[{"href":"https:\/\/tilefly.com\/es\/wp-json\/wp\/v2\/types\/product"}],"replies":[{"embeddable":true,"href":"https:\/\/tilefly.com\/es\/wp-json\/wp\/v2\/comments?post=524230"}],"wp:featuredmedia":[{"embeddable":true,"href":"https:\/\/tilefly.com\/es\/wp-json\/wp\/v2\/media\/524218"}],"wp:attachment":[{"href":"https:\/\/tilefly.com\/es\/wp-json\/wp\/v2\/media?parent=524230"}],"wp:term":[{"taxonomy":"product_brand","embeddable":true,"href":"https:\/\/tilefly.com\/es\/wp-json\/wp\/v2\/product_brand?post=524230"},{"taxonomy":"product_cat","embeddable":true,"href":"https:\/\/tilefly.com\/es\/wp-json\/wp\/v2\/product_cat?post=524230"},{"taxonomy":"product_tag","embeddable":true,"href":"https:\/\/tilefly.com\/es\/wp-json\/wp\/v2\/product_tag?post=524230"}],"curies":[{"name":"wp","href":"https:\/\/api.w.org\/{rel}","templated":true}]}}