{"id":523857,"date":"2023-05-12T23:25:31","date_gmt":"2023-05-12T21:25:31","guid":{"rendered":"https:\/\/tilefly.com\/producto\/sunny-terracota-23x26\/"},"modified":"2025-10-28T13:08:30","modified_gmt":"2025-10-28T12:08:30","slug":"sunny-terracota-23x26","status":"publish","type":"product","link":"https:\/\/tilefly.com\/es\/producto\/sunny-terracota-23x26\/","title":{"rendered":"Sunny Terracota 23X26"},"content":{"rendered":"<h1><strong>SUNNY TERRACOTA<\/strong><\/h1><p><\/p><h4> formato 23X26 de la serie MACBA<\/h4><p><\/p><h5>Formatos variados, colores sorprendentes.<\/h5><p> <\/p><p> Una antigua leyenda japonesa, seg\u00fan la cual se le concede un deseo a aquel que consiga crear mil grullas de papel, inspira nuestra colecci\u00f3n Klen. <\/p><h2>Serie Klen<\/h2><p> Su base es un cemento abombado muy suave de tacto aterciopelado, pero lo m\u00e1s caracter\u00edstico de esta serie es el relieve que reproduce \u008dguras de origami. La cer\u00e1mica, al \u008dn y al cabo, guarda relaci\u00f3n con el arte del papel plegado: se hacen piezas una a una, se pliegan y luego se van sumando para construir el objeto. <\/p><h3>Un <a href=\"https:\/\/tilefly.com\/\">azulejo<\/a> colorido y con formatos modernos y sorprendentes llenos de dise\u00f1o de autor.<\/h3><p> La serie <a href=\"https:\/\/tilefly.com\/producto\/klen\/\">Klen<\/a> est\u00e1 disponible en seis colores diferentes: blue, terracota, pearl, white, paladium y grey. <\/p>","protected":false},"excerpt":{"rendered":"<p>SUNNY TERRACOTA formato 23X26 de la serie MACBAFormatos variados, colores sorprendentes. Una antigua leyenda japonesa, seg\u00fan la cual se le concede un deseo a aquel que consiga crear mil grullas de papel, inspira nuestra colecci\u00f3n Klen. Serie Klen Su base es un cemento abombado muy suave de tacto aterciopelado, pero lo m\u00e1s caracter\u00edstico de esta [&hellip;]<\/p>\n","protected":false},"featured_media":523845,"comment_status":"open","ping_status":"closed","template":"","meta":[],"product_brand":[],"product_cat":[302],"product_tag":[],"class_list":{"0":"post-523857","1":"product","2":"type-product","3":"status-publish","4":"has-post-thumbnail","6":"product_cat-sin-categorizar","8":"first","9":"outofstock","10":"shipping-taxable","11":"purchasable","12":"product-type-simple"},"_links":{"self":[{"href":"https:\/\/tilefly.com\/es\/wp-json\/wp\/v2\/product\/523857","targetHints":{"allow":["GET"]}}],"collection":[{"href":"https:\/\/tilefly.com\/es\/wp-json\/wp\/v2\/product"}],"about":[{"href":"https:\/\/tilefly.com\/es\/wp-json\/wp\/v2\/types\/product"}],"replies":[{"embeddable":true,"href":"https:\/\/tilefly.com\/es\/wp-json\/wp\/v2\/comments?post=523857"}],"wp:featuredmedia":[{"embeddable":true,"href":"https:\/\/tilefly.com\/es\/wp-json\/wp\/v2\/media\/523845"}],"wp:attachment":[{"href":"https:\/\/tilefly.com\/es\/wp-json\/wp\/v2\/media?parent=523857"}],"wp:term":[{"taxonomy":"product_brand","embeddable":true,"href":"https:\/\/tilefly.com\/es\/wp-json\/wp\/v2\/product_brand?post=523857"},{"taxonomy":"product_cat","embeddable":true,"href":"https:\/\/tilefly.com\/es\/wp-json\/wp\/v2\/product_cat?post=523857"},{"taxonomy":"product_tag","embeddable":true,"href":"https:\/\/tilefly.com\/es\/wp-json\/wp\/v2\/product_tag?post=523857"}],"curies":[{"name":"wp","href":"https:\/\/api.w.org\/{rel}","templated":true}]}}