{"id":523701,"date":"2023-05-12T23:24:47","date_gmt":"2023-05-12T21:24:47","guid":{"rendered":"https:\/\/tilefly.com\/producto\/macba-coconut-milk-23x26\/"},"modified":"2025-10-29T09:14:02","modified_gmt":"2025-10-29T08:14:02","slug":"macba-coconut-milk-23x26","status":"publish","type":"product","link":"https:\/\/tilefly.com\/es\/producto\/macba-coconut-milk-23x26\/","title":{"rendered":"Macba Coconut Milk 23X26"},"content":{"rendered":"<h1><strong>MACBA COCONUT MILK<\/strong><\/h1><p><\/p><h4> formato 23X26 de la serie MACBA<\/h4><p><\/p><h5>Formatos variados, colores sorprendentes.<\/h5><p> <\/p><p> Una antigua leyenda japonesa, seg\u00fan la cual se le concede un deseo a aquel que consiga crear mil grullas de papel, inspira nuestra colecci\u00f3n Klen. <\/p><h2>Serie Klen<\/h2><p> Su base es un cemento abombado muy suave de tacto aterciopelado, pero lo m\u00e1s caracter\u00edstico de esta serie es el relieve que reproduce \u008dguras de origami. La cer\u00e1mica, al \u008dn y al cabo, guarda relaci\u00f3n con el arte del papel plegado: se hacen piezas una a una, se pliegan y luego se van sumando para construir el objeto. <\/p><h3>Un <a href=\"https:\/\/tilefly.com\/\">azulejo<\/a> colorido y con formatos modernos y sorprendentes llenos de dise\u00f1o de autor.<\/h3><p> La serie <a href=\"https:\/\/tilefly.com\/producto\/klen\/\">Klen<\/a> est\u00e1 disponible en seis colores diferentes: blue, terracota, pearl, white, paladium y grey. <\/p>","protected":false},"excerpt":{"rendered":"<p>MACBA COCONUT MILK formato 23X26 de la serie MACBAFormatos variados, colores sorprendentes. Una antigua leyenda japonesa, seg\u00fan la cual se le concede un deseo a aquel que consiga crear mil grullas de papel, inspira nuestra colecci\u00f3n Klen. Serie Klen Su base es un cemento abombado muy suave de tacto aterciopelado, pero lo m\u00e1s caracter\u00edstico de [&hellip;]<\/p>\n","protected":false},"featured_media":523689,"comment_status":"open","ping_status":"closed","template":"","meta":[],"product_brand":[],"product_cat":[561,562,563,564],"product_tag":[],"class_list":{"0":"post-523701","1":"product","2":"type-product","3":"status-publish","4":"has-post-thumbnail","6":"product_cat-vloertegels","7":"product_cat-badkamer-tegels","8":"product_cat-keuken-tegel","9":"product_cat-wandtegels","11":"first","12":"instock","13":"shipping-taxable","14":"purchasable","15":"product-type-simple"},"_links":{"self":[{"href":"https:\/\/tilefly.com\/es\/wp-json\/wp\/v2\/product\/523701","targetHints":{"allow":["GET"]}}],"collection":[{"href":"https:\/\/tilefly.com\/es\/wp-json\/wp\/v2\/product"}],"about":[{"href":"https:\/\/tilefly.com\/es\/wp-json\/wp\/v2\/types\/product"}],"replies":[{"embeddable":true,"href":"https:\/\/tilefly.com\/es\/wp-json\/wp\/v2\/comments?post=523701"}],"wp:featuredmedia":[{"embeddable":true,"href":"https:\/\/tilefly.com\/es\/wp-json\/wp\/v2\/media\/523689"}],"wp:attachment":[{"href":"https:\/\/tilefly.com\/es\/wp-json\/wp\/v2\/media?parent=523701"}],"wp:term":[{"taxonomy":"product_brand","embeddable":true,"href":"https:\/\/tilefly.com\/es\/wp-json\/wp\/v2\/product_brand?post=523701"},{"taxonomy":"product_cat","embeddable":true,"href":"https:\/\/tilefly.com\/es\/wp-json\/wp\/v2\/product_cat?post=523701"},{"taxonomy":"product_tag","embeddable":true,"href":"https:\/\/tilefly.com\/es\/wp-json\/wp\/v2\/product_tag?post=523701"}],"curies":[{"name":"wp","href":"https:\/\/api.w.org\/{rel}","templated":true}]}}