{"id":523484,"date":"2023-04-26T17:21:08","date_gmt":"2023-04-26T15:21:08","guid":{"rendered":"https:\/\/tilefly.com\/?post_type=product&#038;p=523484"},"modified":"2024-05-06T03:15:59","modified_gmt":"2024-05-06T01:15:59","slug":"bellevue-graphite-mt-10x75-rect","status":"publish","type":"product","link":"https:\/\/tilefly.com\/es\/producto\/bellevue-graphite-mt-10x75-rect\/","title":{"rendered":"RODAPIE BELLEVUE GRAPHITE MT 10X75 RECT."},"content":{"rendered":"<h1><strong>Azulejo Porcel\u00e1nico RODAPIE BELLEVUE GRAPHITE MT 10X75 RECT.<\/strong><\/h1><p>Este azulejo Porcel\u00e1nico en formato  cm, acabado Mate y color Negro \/ Oscuro es perfecto para tu hogar. Su material de fabricaci\u00f3n es Porcel\u00e1nico.<\/p><p>Caracter\u00edsticas especiales: Antideslizante, Imitaci\u00f3n cemento, Imitaci\u00f3n piedra<\/p>","protected":false},"excerpt":{"rendered":"<p>Azulejo Porcel\u00e1nico RODAPIE BELLEVUE GRAPHITE MT 10X75 RECT.Este azulejo Porcel\u00e1nico en formato cm, acabado Mate y color Negro \/ Oscuro es perfecto para tu hogar. Su material de fabricaci\u00f3n es Porcel\u00e1nico.Caracter\u00edsticas especiales: Antideslizante, Imitaci\u00f3n cemento, Imitaci\u00f3n piedra<\/p>\n","protected":false},"featured_media":105341,"comment_status":"closed","ping_status":"closed","template":"","meta":[],"product_brand":[],"product_cat":[303,305,306,304,307],"product_tag":[],"class_list":{"0":"post-523484","1":"product","2":"type-product","3":"status-publish","4":"has-post-thumbnail","6":"product_cat-baldosas","7":"product_cat-banos","8":"product_cat-cocina","9":"product_cat-revestimiento","10":"product_cat-salon","12":"first","13":"outofstock","14":"shipping-taxable","15":"purchasable","16":"product-type-simple"},"_links":{"self":[{"href":"https:\/\/tilefly.com\/es\/wp-json\/wp\/v2\/product\/523484","targetHints":{"allow":["GET"]}}],"collection":[{"href":"https:\/\/tilefly.com\/es\/wp-json\/wp\/v2\/product"}],"about":[{"href":"https:\/\/tilefly.com\/es\/wp-json\/wp\/v2\/types\/product"}],"replies":[{"embeddable":true,"href":"https:\/\/tilefly.com\/es\/wp-json\/wp\/v2\/comments?post=523484"}],"wp:featuredmedia":[{"embeddable":true,"href":"https:\/\/tilefly.com\/es\/wp-json\/wp\/v2\/media\/105341"}],"wp:attachment":[{"href":"https:\/\/tilefly.com\/es\/wp-json\/wp\/v2\/media?parent=523484"}],"wp:term":[{"taxonomy":"product_brand","embeddable":true,"href":"https:\/\/tilefly.com\/es\/wp-json\/wp\/v2\/product_brand?post=523484"},{"taxonomy":"product_cat","embeddable":true,"href":"https:\/\/tilefly.com\/es\/wp-json\/wp\/v2\/product_cat?post=523484"},{"taxonomy":"product_tag","embeddable":true,"href":"https:\/\/tilefly.com\/es\/wp-json\/wp\/v2\/product_tag?post=523484"}],"curies":[{"name":"wp","href":"https:\/\/api.w.org\/{rel}","templated":true}]}}