{"id":523095,"date":"2023-03-20T11:50:43","date_gmt":"2023-03-20T10:50:43","guid":{"rendered":"https:\/\/tilefly.com\/?post_type=product&#038;p=523095"},"modified":"2024-05-06T00:01:15","modified_gmt":"2024-05-05T22:01:15","slug":"navy-20x20","status":"publish","type":"product","link":"https:\/\/tilefly.com\/es\/producto\/navy-20x20\/","title":{"rendered":"NAVY 20X20"},"content":{"rendered":"<h2>Azulejo porcel\u00e1nico, formato 20\u00d720cm, en una intensa tonalidad azul marino.<\/h2><p>Con la luz y la frescura de las islas griegas, DORIA actualiza los dise\u00f1os de aire retro, aportando nuevas formas y colores que potencian la energ\u00eda del espacio. DORIA es un di\u00e1logo de tonos s\u00f3lidos y vibrantes, donde el mostaza, el aguamarina o el marino juegan sobre un fondo blanco y luminoso, matizado por toques de gris y negro. Una propuesta con mucha fuerza que colmar\u00e1 de vida tu nuevo espacio.<\/p><ul><li>Suelo y pared<\/li><li>Interior y exterior<\/li><li>Suave y antideslizante<\/li><\/ul>","protected":false},"excerpt":{"rendered":"<p>Azulejo porcel\u00e1nico, formato 20\u00d720cm, en una intensa tonalidad azul marino.Con la luz y la frescura de las islas griegas, DORIA actualiza los dise\u00f1os de aire retro, aportando nuevas formas y colores que potencian la energ\u00eda del espacio. DORIA es un di\u00e1logo de tonos s\u00f3lidos y vibrantes, donde el mostaza, el aguamarina o el marino juegan [&hellip;]<\/p>\n","protected":false},"featured_media":523096,"comment_status":"closed","ping_status":"closed","template":"","meta":[],"product_brand":[],"product_cat":[303,305,306,304,307],"product_tag":[],"class_list":{"0":"post-523095","1":"product","2":"type-product","3":"status-publish","4":"has-post-thumbnail","6":"product_cat-baldosas","7":"product_cat-banos","8":"product_cat-cocina","9":"product_cat-revestimiento","10":"product_cat-salon","12":"first","13":"instock","14":"shipping-taxable","15":"purchasable","16":"product-type-simple"},"_links":{"self":[{"href":"https:\/\/tilefly.com\/es\/wp-json\/wp\/v2\/product\/523095","targetHints":{"allow":["GET"]}}],"collection":[{"href":"https:\/\/tilefly.com\/es\/wp-json\/wp\/v2\/product"}],"about":[{"href":"https:\/\/tilefly.com\/es\/wp-json\/wp\/v2\/types\/product"}],"replies":[{"embeddable":true,"href":"https:\/\/tilefly.com\/es\/wp-json\/wp\/v2\/comments?post=523095"}],"wp:featuredmedia":[{"embeddable":true,"href":"https:\/\/tilefly.com\/es\/wp-json\/wp\/v2\/media\/523096"}],"wp:attachment":[{"href":"https:\/\/tilefly.com\/es\/wp-json\/wp\/v2\/media?parent=523095"}],"wp:term":[{"taxonomy":"product_brand","embeddable":true,"href":"https:\/\/tilefly.com\/es\/wp-json\/wp\/v2\/product_brand?post=523095"},{"taxonomy":"product_cat","embeddable":true,"href":"https:\/\/tilefly.com\/es\/wp-json\/wp\/v2\/product_cat?post=523095"},{"taxonomy":"product_tag","embeddable":true,"href":"https:\/\/tilefly.com\/es\/wp-json\/wp\/v2\/product_tag?post=523095"}],"curies":[{"name":"wp","href":"https:\/\/api.w.org\/{rel}","templated":true}]}}