{"id":522672,"date":"2023-02-06T19:51:40","date_gmt":"2023-02-06T18:51:40","guid":{"rendered":"https:\/\/tilefly.com\/producto\/bellevue-graphite-60x120-rect-pulido\/"},"modified":"2025-05-28T00:46:09","modified_gmt":"2025-05-27T22:46:09","slug":"bellevue-graphite-60x120-rect-pulido","status":"publish","type":"product","link":"https:\/\/tilefly.com\/es\/producto\/bellevue-graphite-60x120-rect-pulido\/","title":{"rendered":"BELLEVUE GRAPHITE 60X120 RECT PULIDO"},"content":{"rendered":"<h1><strong>Azulejo Porcel\u00e1nico Esmaltado Pulido Bellevue Graphite 60X120 Rect Pulido<\/strong><\/h1><p>Este azulejo de la serie Bellevue en formato 60X120 es un azulejo Porcel\u00e1nico Esmaltado Pulido de color Gris en acabado Pulido<\/p><h2>Serie Bellevue<\/h2><p>Colecci\u00f3n de azulejo imitaci\u00f3n piedra <a href=\"https:\/\/tilefly.com\/producto\/bellevue\/\">Bellevue<\/a><\/p><p>La elegancia refinada de la piedra, recobra vida en un ambiente cargado de mucha belleza visual!<\/p><p>La colecci\u00f3n hace referencia a la piedra natural de Burlington pero llevada al minimalismo. De fondo compacto con sutiles movimientos que le dan dinamismo y vetas finas de los mejores cortes. Despierta emociones y comunica pasi\u00f3n. Atemporal que destaca por su simplicidad, porque no domina los espacios, sino que deja fluir las personalidades.<\/p>","protected":false},"excerpt":{"rendered":"<p>Azulejo Porcel\u00e1nico Esmaltado Pulido Bellevue Graphite 60X120 Rect PulidoEste azulejo de la serie Bellevue en formato 60X120 es un azulejo Porcel\u00e1nico Esmaltado Pulido de color Gris en acabado PulidoSerie BellevueColecci\u00f3n de azulejo imitaci\u00f3n piedra BellevueLa elegancia refinada de la piedra, recobra vida en un ambiente cargado de mucha belleza visual!La colecci\u00f3n hace referencia a la [&hellip;]<\/p>\n","protected":false},"featured_media":522660,"comment_status":"open","ping_status":"closed","template":"","meta":[],"product_brand":[],"product_cat":[303,305,306,304],"product_tag":[],"class_list":{"0":"post-522672","1":"product","2":"type-product","3":"status-publish","4":"has-post-thumbnail","6":"product_cat-baldosas","7":"product_cat-banos","8":"product_cat-cocina","9":"product_cat-revestimiento","11":"first","12":"outofstock","13":"shipping-taxable","14":"purchasable","15":"product-type-simple"},"_links":{"self":[{"href":"https:\/\/tilefly.com\/es\/wp-json\/wp\/v2\/product\/522672","targetHints":{"allow":["GET"]}}],"collection":[{"href":"https:\/\/tilefly.com\/es\/wp-json\/wp\/v2\/product"}],"about":[{"href":"https:\/\/tilefly.com\/es\/wp-json\/wp\/v2\/types\/product"}],"replies":[{"embeddable":true,"href":"https:\/\/tilefly.com\/es\/wp-json\/wp\/v2\/comments?post=522672"}],"wp:featuredmedia":[{"embeddable":true,"href":"https:\/\/tilefly.com\/es\/wp-json\/wp\/v2\/media\/522660"}],"wp:attachment":[{"href":"https:\/\/tilefly.com\/es\/wp-json\/wp\/v2\/media?parent=522672"}],"wp:term":[{"taxonomy":"product_brand","embeddable":true,"href":"https:\/\/tilefly.com\/es\/wp-json\/wp\/v2\/product_brand?post=522672"},{"taxonomy":"product_cat","embeddable":true,"href":"https:\/\/tilefly.com\/es\/wp-json\/wp\/v2\/product_cat?post=522672"},{"taxonomy":"product_tag","embeddable":true,"href":"https:\/\/tilefly.com\/es\/wp-json\/wp\/v2\/product_tag?post=522672"}],"curies":[{"name":"wp","href":"https:\/\/api.w.org\/{rel}","templated":true}]}}