{"id":521678,"date":"2023-02-03T14:16:51","date_gmt":"2023-02-03T13:16:51","guid":{"rendered":"https:\/\/tilefly.com\/producto\/elementi-graphite-mt-60x60-inout\/"},"modified":"2025-02-24T15:01:37","modified_gmt":"2025-02-24T14:01:37","slug":"elementi-graphite-mt-60x60-inout","status":"publish","type":"product","link":"https:\/\/tilefly.com\/es\/producto\/elementi-graphite-mt-60x60-inout\/","title":{"rendered":"ELEMENTI GRAPHITE MT 60X60 INOUT"},"content":{"rendered":"<h1><strong>Azulejo Porcel\u00e1nico Esmaltado Mate Elementi Graphite Mt 60X60 Inout<\/strong><\/h1><p>Este azulejo de la serie Elementi en formato 60X60 es un azulejo Porcel\u00e1nico Esmaltado Mate de color Grafito en acabado Mate<\/p><p>Este azulejo cuenta con tecnologia INOUT, una caracteristica del material que lo hace de tacto suave y a su vez es un antideslizante entre C2-C3 y R10-R11, ideal para la instalaci\u00f3n dentro y fuera de la casa.<\/p><h2>Serie Elementi<\/h2><p>La serie <a href=\"https:\/\/tilefly.com\/producto\/elementi\/\">Elementi<\/a> Est\u00e1 destinado a ser la piel por excelencia de los espacios contempor\u00e1neos. Este dise\u00f1o va mas all\u00e1 del tradicional efecto de hormig\u00f3n. A trav\u00e9s de la atenci\u00f3n en los detalles de la superficie y del destonificado de las piezas, se supera el minimalismo y se convierte en el protagonista de las miradas con una fuerte identidad.<\/p>","protected":false},"excerpt":{"rendered":"<p>Azulejo Porcel\u00e1nico Esmaltado Mate Elementi Graphite Mt 60X60 InoutEste azulejo de la serie Elementi en formato 60X60 es un azulejo Porcel\u00e1nico Esmaltado Mate de color Grafito en acabado MateEste azulejo cuenta con tecnologia INOUT, una caracteristica del material que lo hace de tacto suave y a su vez es un antideslizante entre C2-C3 y R10-R11, [&hellip;]<\/p>\n","protected":false},"featured_media":521666,"comment_status":"open","ping_status":"closed","template":"","meta":[],"product_brand":[],"product_cat":[303,305,306,304],"product_tag":[],"class_list":{"0":"post-521678","1":"product","2":"type-product","3":"status-publish","4":"has-post-thumbnail","6":"product_cat-baldosas","7":"product_cat-banos","8":"product_cat-cocina","9":"product_cat-revestimiento","11":"first","12":"instock","13":"shipping-taxable","14":"purchasable","15":"product-type-simple"},"_links":{"self":[{"href":"https:\/\/tilefly.com\/es\/wp-json\/wp\/v2\/product\/521678","targetHints":{"allow":["GET"]}}],"collection":[{"href":"https:\/\/tilefly.com\/es\/wp-json\/wp\/v2\/product"}],"about":[{"href":"https:\/\/tilefly.com\/es\/wp-json\/wp\/v2\/types\/product"}],"replies":[{"embeddable":true,"href":"https:\/\/tilefly.com\/es\/wp-json\/wp\/v2\/comments?post=521678"}],"wp:featuredmedia":[{"embeddable":true,"href":"https:\/\/tilefly.com\/es\/wp-json\/wp\/v2\/media\/521666"}],"wp:attachment":[{"href":"https:\/\/tilefly.com\/es\/wp-json\/wp\/v2\/media?parent=521678"}],"wp:term":[{"taxonomy":"product_brand","embeddable":true,"href":"https:\/\/tilefly.com\/es\/wp-json\/wp\/v2\/product_brand?post=521678"},{"taxonomy":"product_cat","embeddable":true,"href":"https:\/\/tilefly.com\/es\/wp-json\/wp\/v2\/product_cat?post=521678"},{"taxonomy":"product_tag","embeddable":true,"href":"https:\/\/tilefly.com\/es\/wp-json\/wp\/v2\/product_tag?post=521678"}],"curies":[{"name":"wp","href":"https:\/\/api.w.org\/{rel}","templated":true}]}}