{"id":521639,"date":"2023-02-03T14:16:00","date_gmt":"2023-02-03T13:16:00","guid":{"rendered":"https:\/\/tilefly.com\/producto\/elementi-pearl-mt-30x60-inout\/"},"modified":"2024-05-06T21:52:23","modified_gmt":"2024-05-06T19:52:23","slug":"elementi-pearl-mt-30x60-inout","status":"publish","type":"product","link":"https:\/\/tilefly.com\/es\/producto\/elementi-pearl-mt-30x60-inout\/","title":{"rendered":"ELEMENTI PEARL MT 30X60 INOUT"},"content":{"rendered":"<h1><strong>Azulejo Porcel\u00e1nico Esmaltado Mate Elementi Pearl Mt 30X60 Inout<\/strong><\/h1><p>Este azulejo de la serie Elementi en formato 30X60 es un azulejo Porcel\u00e1nico Esmaltado Mate de color Perla en acabado Mate<\/p><p>Este azulejo cuenta con tecnologia INOUT, una caracteristica del material que lo hace de tacto suave y a su vez es un antideslizante entre C2-C3 y R10-R11, ideal para la instalaci\u00f3n dentro y fuera de la casa.<\/p><h2>Serie Elementi<\/h2><p>La serie <a href=\"https:\/\/tilefly.com\/producto\/elementi\/\">Elementi<\/a> Est\u00e1 destinado a ser la piel por excelencia de los espacios contempor\u00e1neos. Este dise\u00f1o va mas all\u00e1 del tradicional efecto de hormig\u00f3n. A trav\u00e9s de la atenci\u00f3n en los detalles de la superficie y del destonificado de las piezas, se supera el minimalismo y se convierte en el protagonista de las miradas con una fuerte identidad.<\/p>","protected":false},"excerpt":{"rendered":"<p>Azulejo Porcel\u00e1nico Esmaltado Mate Elementi Pearl Mt 30X60 InoutEste azulejo de la serie Elementi en formato 30X60 es un azulejo Porcel\u00e1nico Esmaltado Mate de color Perla en acabado MateEste azulejo cuenta con tecnologia INOUT, una caracteristica del material que lo hace de tacto suave y a su vez es un antideslizante entre C2-C3 y R10-R11, [&hellip;]<\/p>\n","protected":false},"featured_media":521627,"comment_status":"open","ping_status":"closed","template":"","meta":[],"product_brand":[],"product_cat":[561,562,563,564],"product_tag":[],"class_list":{"0":"post-521639","1":"product","2":"type-product","3":"status-publish","4":"has-post-thumbnail","6":"product_cat-vloertegels","7":"product_cat-badkamer-tegels","8":"product_cat-keuken-tegel","9":"product_cat-wandtegels","11":"first","12":"instock","13":"shipping-taxable","14":"purchasable","15":"product-type-simple"},"_links":{"self":[{"href":"https:\/\/tilefly.com\/es\/wp-json\/wp\/v2\/product\/521639","targetHints":{"allow":["GET"]}}],"collection":[{"href":"https:\/\/tilefly.com\/es\/wp-json\/wp\/v2\/product"}],"about":[{"href":"https:\/\/tilefly.com\/es\/wp-json\/wp\/v2\/types\/product"}],"replies":[{"embeddable":true,"href":"https:\/\/tilefly.com\/es\/wp-json\/wp\/v2\/comments?post=521639"}],"wp:featuredmedia":[{"embeddable":true,"href":"https:\/\/tilefly.com\/es\/wp-json\/wp\/v2\/media\/521627"}],"wp:attachment":[{"href":"https:\/\/tilefly.com\/es\/wp-json\/wp\/v2\/media?parent=521639"}],"wp:term":[{"taxonomy":"product_brand","embeddable":true,"href":"https:\/\/tilefly.com\/es\/wp-json\/wp\/v2\/product_brand?post=521639"},{"taxonomy":"product_cat","embeddable":true,"href":"https:\/\/tilefly.com\/es\/wp-json\/wp\/v2\/product_cat?post=521639"},{"taxonomy":"product_tag","embeddable":true,"href":"https:\/\/tilefly.com\/es\/wp-json\/wp\/v2\/product_tag?post=521639"}],"curies":[{"name":"wp","href":"https:\/\/api.w.org\/{rel}","templated":true}]}}