{"id":520792,"date":"2023-01-09T13:06:48","date_gmt":"2023-01-09T12:06:48","guid":{"rendered":"https:\/\/tilefly.com\/producto\/valmalenco-rect-20x120\/"},"modified":"2025-05-28T00:45:46","modified_gmt":"2025-05-27T22:45:46","slug":"valmalenco-rect-20x120","status":"publish","type":"product","link":"https:\/\/tilefly.com\/es\/producto\/valmalenco-rect-20x120\/","title":{"rendered":"VALMALENCO RECT 20X120"},"content":{"rendered":"<h1><strong>Valmalenco<\/strong><\/h1><p><\/p><h4>Azulejo formato 20&#215;120 de la serie 4.STONES<\/h4><p><\/p><h5>Una superficie llena de pasi\u00f3n<\/h5><p><\/p><p>Esta piedra recibe el nombre de su lugar de origen. El Valmalenco es un amplio valle alpino en la provincia de Sondrio (italia) cerca de la frontera con Suiza. Un material con un aspecto serpentino gracias a sus vetas, que se ha convertido en un sello de identidad de la arquitectura de Mil\u00e1n.<\/p><h2>Serie 4 Stones<\/h2><p>Cuatro propuestas de piedras en su tipolog\u00eda original para garantizar reproducciones aut\u00e9nticas de las piedras naturales junto al color, superficie y textura. Cada una de ellas est\u00e1 dise\u00f1ada para tener cabida en cualquier ambiente, ya sea p\u00fablico o privado, interior o exterior.<\/p><p>Tambien esta disponible en formato de 120cm y con un espesor de 20 mm. que se puede usar para jardines y piscinas<\/p><p>Para la decoraci\u00f3n hemos creado una estructura sobre cada piedra que reproduce los antiguos planos de corte que el marmolista ubicaba sobre las piezas en el taller.<\/p><p>\u00bfOriginal o copia? \u00bfNatural o digital? Esta colecci\u00f3n de 4 piedras cer\u00e1micas que desaf\u00edan los l\u00edmites de la fabricaci\u00f3n. Reproducciones llenas de autenticidad y sabor propio, <a href='https:\/\/tilefly.com\/producto\/4stones\/'>4 Stones<\/a> es una nueva forma de entender el dise\u00f1o, donde calidad, naturalidad y tambi\u00e9n sostenibilidad se dan la mano.<\/p>","protected":false},"excerpt":{"rendered":"<p>ValmalencoAzulejo formato 20&#215;120 de la serie 4.STONESUna superficie llena de pasi\u00f3nEsta piedra recibe el nombre de su lugar de origen. El Valmalenco es un amplio valle alpino en la provincia de Sondrio (italia) cerca de la frontera con Suiza. Un material con un aspecto serpentino gracias a sus vetas, que se ha convertido en un [&hellip;]<\/p>\n","protected":false},"featured_media":520780,"comment_status":"open","ping_status":"closed","template":"","meta":[],"product_brand":[],"product_cat":[303,305,306,304],"product_tag":[],"class_list":{"0":"post-520792","1":"product","2":"type-product","3":"status-publish","4":"has-post-thumbnail","6":"product_cat-baldosas","7":"product_cat-banos","8":"product_cat-cocina","9":"product_cat-revestimiento","11":"first","12":"outofstock","13":"shipping-taxable","14":"purchasable","15":"product-type-simple"},"_links":{"self":[{"href":"https:\/\/tilefly.com\/es\/wp-json\/wp\/v2\/product\/520792","targetHints":{"allow":["GET"]}}],"collection":[{"href":"https:\/\/tilefly.com\/es\/wp-json\/wp\/v2\/product"}],"about":[{"href":"https:\/\/tilefly.com\/es\/wp-json\/wp\/v2\/types\/product"}],"replies":[{"embeddable":true,"href":"https:\/\/tilefly.com\/es\/wp-json\/wp\/v2\/comments?post=520792"}],"wp:featuredmedia":[{"embeddable":true,"href":"https:\/\/tilefly.com\/es\/wp-json\/wp\/v2\/media\/520780"}],"wp:attachment":[{"href":"https:\/\/tilefly.com\/es\/wp-json\/wp\/v2\/media?parent=520792"}],"wp:term":[{"taxonomy":"product_brand","embeddable":true,"href":"https:\/\/tilefly.com\/es\/wp-json\/wp\/v2\/product_brand?post=520792"},{"taxonomy":"product_cat","embeddable":true,"href":"https:\/\/tilefly.com\/es\/wp-json\/wp\/v2\/product_cat?post=520792"},{"taxonomy":"product_tag","embeddable":true,"href":"https:\/\/tilefly.com\/es\/wp-json\/wp\/v2\/product_tag?post=520792"}],"curies":[{"name":"wp","href":"https:\/\/api.w.org\/{rel}","templated":true}]}}