{"id":520248,"date":"2023-01-03T17:14:14","date_gmt":"2023-01-03T16:14:14","guid":{"rendered":"https:\/\/tilefly.com\/?post_type=product&#038;p=520248"},"modified":"2026-04-02T04:15:32","modified_gmt":"2026-04-02T02:15:32","slug":"moldura-blanco-mate-5x30","status":"publish","type":"product","link":"https:\/\/tilefly.com\/es\/producto\/moldura-blanco-mate-5x30\/","title":{"rendered":"MOLDURA BLANCO MATE 5X30"},"content":{"rendered":"<p>Revestimiento de pared pasta blanca en medida 5\u00d730 con relieve. Complemento del producto BOISERIE BLANCO MATE RECT. 30X90.<br \/>La fuente de inspiraci\u00f3n de Fables es la boiserie, un t\u00e9rmino usado para definir a los paneles de madera en paredes. Las boiseries eran<br \/>muy populares en la Francia de los siglos XVII y XVIII como decoraciones internas en palacios y mansiones.<br \/>En Versalles hay numerosos ejemplos de estos tipos de decoraciones. Los paneles se usaban no solo en decorar las paredes, sino tambi\u00e9n puertas y separaciones. Fables lleva ese esp\u00edritu decorativo y elegante a las estancias del hogar<\/p>","protected":false},"excerpt":{"rendered":"<p>Revestimiento de pared pasta blanca en medida 5\u00d730 con relieve. Complemento del producto BOISERIE BLANCO MATE RECT. 30X90.La fuente de inspiraci\u00f3n de Fables es la boiserie, un t\u00e9rmino usado para definir a los paneles de madera en paredes. Las boiseries eranmuy populares en la Francia de los siglos XVII y XVIII como decoraciones internas en [&hellip;]<\/p>\n","protected":false},"featured_media":520255,"comment_status":"closed","ping_status":"closed","template":"","meta":[],"product_brand":[],"product_cat":[305,306,304,307],"product_tag":[],"class_list":{"0":"post-520248","1":"product","2":"type-product","3":"status-publish","4":"has-post-thumbnail","6":"product_cat-banos","7":"product_cat-cocina","8":"product_cat-revestimiento","9":"product_cat-salon","11":"first","12":"instock","13":"shipping-taxable","14":"purchasable","15":"product-type-simple"},"_links":{"self":[{"href":"https:\/\/tilefly.com\/es\/wp-json\/wp\/v2\/product\/520248","targetHints":{"allow":["GET"]}}],"collection":[{"href":"https:\/\/tilefly.com\/es\/wp-json\/wp\/v2\/product"}],"about":[{"href":"https:\/\/tilefly.com\/es\/wp-json\/wp\/v2\/types\/product"}],"replies":[{"embeddable":true,"href":"https:\/\/tilefly.com\/es\/wp-json\/wp\/v2\/comments?post=520248"}],"wp:featuredmedia":[{"embeddable":true,"href":"https:\/\/tilefly.com\/es\/wp-json\/wp\/v2\/media\/520255"}],"wp:attachment":[{"href":"https:\/\/tilefly.com\/es\/wp-json\/wp\/v2\/media?parent=520248"}],"wp:term":[{"taxonomy":"product_brand","embeddable":true,"href":"https:\/\/tilefly.com\/es\/wp-json\/wp\/v2\/product_brand?post=520248"},{"taxonomy":"product_cat","embeddable":true,"href":"https:\/\/tilefly.com\/es\/wp-json\/wp\/v2\/product_cat?post=520248"},{"taxonomy":"product_tag","embeddable":true,"href":"https:\/\/tilefly.com\/es\/wp-json\/wp\/v2\/product_tag?post=520248"}],"curies":[{"name":"wp","href":"https:\/\/api.w.org\/{rel}","templated":true}]}}